{"id":85,"date":"2016-08-02T00:48:01","date_gmt":"2016-08-02T05:48:01","guid":{"rendered":"http:\/\/macmcclure.com\/calendar-2\/"},"modified":"2022-10-14T15:06:18","modified_gmt":"2022-10-14T20:06:18","slug":"calendario","status":"publish","type":"page","link":"https:\/\/www.macmcclure.com\/en\/calendario\/","title":{"rendered":"Calendar"},"content":{"rendered":"<p>[et_pb_section fb_built=\u00bb1&#8243; fullwidth=\u00bbon\u00bb _builder_version=\u00bb3.0.47&#8243;][et_pb_fullwidth_post_title meta=\u00bboff\u00bb featured_image=\u00bboff\u00bb text_color=\u00bblight\u00bb _builder_version=\u00bb3.9&#8243; title_font_size=\u00bb40px\u00bb background_image=\u00bbhttps:\/\/www.macmcclure.com\/wp-content\/uploads\/eventos.jpg\u00bb box_shadow_style=\u00bbpreset6&#8243; box_shadow_blur=\u00bb33px\u00bb box_shadow_spread=\u00bb2px\u00bb box_shadow_color=\u00bb#000000&#8243; text_orientation=\u00bbcenter\u00bb custom_padding=\u00bb||100px|\u00bb animation_style=\u00bbfade\u00bb text_shadow_style=\u00bbpreset1&#8243;][\/et_pb_fullwidth_post_title][\/et_pb_section][et_pb_section fb_built=\u00bb1&#8243; _builder_version=\u00bb3.9&#8243; custom_margin=\u00bb|||\u00bb custom_padding=\u00bb0px|||\u00bb][et_pb_row custom_padding=\u00bb0px|||\u00bb _builder_version=\u00bb3.9&#8243; background_size=\u00bbinitial\u00bb background_position=\u00bbtop_left\u00bb background_repeat=\u00bbrepeat\u00bb][et_pb_column type=\u00bb4_4&#8243; _builder_version=\u00bb3.0.47&#8243;][et_pb_code]<\/p>\n<p><a href=\"\">View as calendar<\/a><\/p><div class=\"qem \"><div class=\"qem-icon\"><div class=\"qem-calendar-medium\" style=\"margin:0 7px 7px 0;\"><span class=\"day\" >25<\/span><span class=\"nonday\" ><span class=\"month\"><em>Apr<\/em><\/span><span class=\"year\">2026<\/span><\/span><\/div><\/div><div class=\"qem-medium\"><div class=\"qemlistright\">\r\n<a href=\"https:\/\/www.macmcclure.com\/en\/event\/15-anos-de-amistad-en-violin-piano\/\"><img decoding=\"async\" class=\"qem-list-image\" src=\"https:\/\/www.macmcclure.com\/wp-content\/uploads\/2026\/03\/mac.webp\"><\/a><br>\r\n<\/div>\r\n<h2 class=\"qem_title\"><a href=\"https:\/\/www.macmcclure.com\/en\/event\/15-anos-de-amistad-en-violin-piano\/\">15 a\u00f1os de amistad en viol\u00edn & piano<\/a><\/h2><p class=\"start\" style=\"font-weight: bold; color: #343838; font-size: 120%; \" >From 6:00 p.m.<\/p><p class=\"readmore\"><a href=\"https:\/\/www.macmcclure.com\/en\/event\/15-anos-de-amistad-en-violin-piano\/\">Find out more...<\/a><\/p><div style=\"clear:both\"><\/div><\/div><\/div>\r\n<div class=\"qem \"><div class=\"qem-icon\"><div class=\"qem-calendar-medium\" style=\"margin:0 7px 7px 0;\"><span class=\"day\" >19<\/span><span class=\"nonday\" ><span class=\"month\"><em>May<\/em><\/span><span class=\"year\">2026<\/span><\/span><\/div><\/div><div class=\"qem-medium\"><div class=\"qemlistright\">\r\n<a href=\"https:\/\/www.macmcclure.com\/en\/event\/world-piano-conference\/\"><img decoding=\"async\" class=\"qem-list-image\" src=\"https:\/\/www.macmcclure.com\/wp-content\/uploads\/2025\/09\/novi-sad.png\"><\/a><br>\r\n<\/div>\r\n<h2 class=\"qem_title\"><a href=\"https:\/\/www.macmcclure.com\/en\/event\/world-piano-conference\/\">World piano Conference<\/a><\/h2><p class=\"readmore\"><a href=\"https:\/\/www.macmcclure.com\/en\/event\/world-piano-conference\/\">Find out more...<\/a><\/p><div style=\"clear:both\"><\/div><\/div><\/div>\r\n<div class=\"qem \"><div class=\"qem-icon\"><div class=\"qem-calendar-medium\" style=\"margin:0 7px 7px 0;\"><span class=\"day\" >27<\/span><span class=\"nonday\" ><span class=\"month\"><em>Jun<\/em><\/span><span class=\"year\">2026<\/span><\/span><\/div><\/div><div class=\"qem-medium\"><div class=\"qemlistright\">\r\n<a href=\"https:\/\/www.macmcclure.com\/en\/event\/concierto-piano-orquesta\/\"><img decoding=\"async\" class=\"qem-list-image\" src=\"https:\/\/www.macmcclure.com\/wp-content\/uploads\/2025\/11\/Mac-1-1.png\"><\/a><br>\r\n<\/div>\r\n<h2 class=\"qem_title\"><a href=\"https:\/\/www.macmcclure.com\/en\/event\/concierto-piano-orquesta\/\">Orquesta Filarm\u00f3nica de Bogot\u00e1. Director: Patrick Fournillier, Francia. Solistas: Mar\u00eda Jos\u00e9 de Bustos, piano, Espa\u00f1a, y Mac McClure, piano, Estados Unidos<\/a><\/h2><p class=\"desc\" style=\"font-size: 110%; \" >Teatro Mayor Julio Mario Santodomingo<\/p><p class=\"start\" style=\"font-weight: bold; color: #343838; font-size: 120%; \" >From 17:00 until 18:30<\/p><p class=\"readmore\"><a href=\"https:\/\/www.macmcclure.com\/en\/event\/concierto-piano-orquesta\/\">Find out more...<\/a><\/p><div style=\"clear:both\"><\/div><\/div><\/div>\r\n<div class=\"qem \"><div class=\"qem-icon\"><div class=\"qem-calendar-medium\" style=\"margin:0 7px 7px 0;\"><span class=\"day\" >30<\/span><span class=\"nonday\" ><span class=\"month\"><em>Jun<\/em><\/span><span class=\"year\">2026<\/span><\/span><\/div><\/div><div class=\"qem-medium\"><h2 class=\"qem_title\"><a href=\"https:\/\/www.macmcclure.com\/en\/event\/interharmony-music-festival-acque-terme\/\">InterHarmony Music Festival Acque Terme<\/a><\/h2><p class=\"desc\" style=\"font-size: 110%; \" >Italia<\/p><p class=\"readmore\"><a href=\"https:\/\/www.macmcclure.com\/en\/event\/interharmony-music-festival-acque-terme\/\">Find out more...<\/a><\/p><div style=\"clear:both\"><\/div><\/div><\/div>\r\n<div class=\"qem \"><div class=\"qem-icon\"><div class=\"qem-calendar-medium\" style=\"margin:0 7px 7px 0;\"><span class=\"day\" >11<\/span><span class=\"nonday\" ><span class=\"month\"><em>Oct<\/em><\/span><span class=\"year\">2026<\/span><\/span><\/div><\/div><div class=\"qem-medium\"><div class=\"qemlistright\">\r\n<a href=\"https:\/\/www.macmcclure.com\/en\/event\/piano-violin-recital-juan-carlos-higiuita-and-mac-mcclure-teatro-julio-mario-santo-domingo-bogota-colombia-2\/\"><img decoding=\"async\" class=\"qem-list-image\" src=\"https:\/\/www.macmcclure.com\/wp-content\/uploads\/2024\/02\/Violin-PIano.png\"><\/a><br>\r\n<\/div>\r\n<h2 class=\"qem_title\"><a href=\"https:\/\/www.macmcclure.com\/en\/event\/piano-violin-recital-juan-carlos-higiuita-and-mac-mcclure-teatro-julio-mario-santo-domingo-bogota-colombia-2\/\">Piano & Violin Recital, Juan Carlos Higiuita and Mac McClure, Teatro Julio Mario Santo Domingo, Bogot\u00e1, Colombia.<\/a><\/h2><p class=\"start\" style=\"font-weight: bold; color: #343838; font-size: 120%; \" >From 11:00 until 12:00<\/p><p class=\"readmore\"><a href=\"https:\/\/www.macmcclure.com\/en\/event\/piano-violin-recital-juan-carlos-higiuita-and-mac-mcclure-teatro-julio-mario-santo-domingo-bogota-colombia-2\/\">Find out more...<\/a><\/p><div style=\"clear:both\"><\/div><\/div><\/div>\r\n<div class=\"qem \"><div class=\"qem-icon\"><div class=\"qem-calendar-medium\" style=\"margin:0 7px 7px 0;\"><span class=\"day\" >23<\/span><span class=\"nonday\" ><span class=\"month\"><em>Oct<\/em><\/span><span class=\"year\">2026<\/span><\/span><\/div><\/div><div class=\"qem-medium\"><div class=\"qemlistright\">\r\n<a href=\"https:\/\/www.macmcclure.com\/en\/event\/piano-recital\/\"><img decoding=\"async\" class=\"qem-list-image\" src=\"https:\/\/www.macmcclure.com\/wp-content\/uploads\/2026\/02\/68.png\"><\/a><br>\r\n<\/div>\r\n<h2 class=\"qem_title\"><a href=\"https:\/\/www.macmcclure.com\/en\/event\/piano-recital\/\">Piano recital<\/a><\/h2><p class=\"start\" style=\"font-weight: bold; color: #343838; font-size: 120%; \" >From 20:15 until 21:15<\/p><p class=\"location\" >At Saint Dominic Concerts Series<\/p><p class=\"readmore\"><a href=\"https:\/\/www.macmcclure.com\/en\/event\/piano-recital\/\">Find out more...<\/a><\/p><div style=\"clear:both\"><\/div><\/div><\/div>\r\n\n<div class=\"qem_calendar\" id=\"qem_calendar_0\" data-qem_calendar_atts=\"[&quot;&quot;]\" data-qem_month=\"4\" data-qem_year=\"2026\" data-qem_category=\"\"><a id=\"qem_calreload\"><\/a><p><a href=\"\">View as a list of events<\/a><\/p><div id=\"qem-calendar\">\n    <table cellspacing=\"3\" cellpadding=\"0\">\n    <tr class=\"caltop\">\n    <td><a class=\"calnav\" href=\"https:\/\/www.macmcclure.com\/en\/wp-json\/wp\/v2\/pages\/85?qemmonth=3&amp;qemyear=2026#qem_calreload\">&#9668; Prev<\/a><\/td>\n    <td class=\"calmonth\"><h2>April 2026<\/h2><\/td>\n    <td><a class=\"calnav\" href=\"https:\/\/www.macmcclure.com\/en\/wp-json\/wp\/v2\/pages\/85?qemmonth=5&amp;qemyear=2026#qem_calreload\">Next &#9658;<\/a><\/td>\n    <\/tr>\n    <\/table>\n    <table>\n    <tr>\r\n<td class=\"calday\">Sun<\/td><td class=\"calday\">Mon<\/td><td class=\"calday\">Tue<\/td><td class=\"calday\">Wed<\/td><td class=\"calday\">Thu<\/td><td class=\"calday\">Fri<\/td><td class=\"calday\">Sat<\/td><\/tr>\r\n<tr>\r\t<td class=\"blankday\"><\/td><td class=\"blankday\"><\/td><td class=\"firstday\"><\/td><td class=\"day oldday \"><h2>1<\/h2><br><\/td><td class=\"day oldday \"><h2>2<\/h2><br><\/td><td class=\"day oldday \"><h2>3<\/h2><br><\/td><td class=\"day oldday \"><h2>4<\/h2><br><\/td><\/tr>\r\n<tr>\r\t<td class=\"day oldday \"><h2>5<\/h2><br><\/td><td class=\"day oldday \"><h2>6<\/h2><br><\/td><td class=\"day oldday \"><h2>7<\/h2><br><\/td><td class=\"day oldday \"><h2>8<\/h2><br><\/td><td class=\"day oldday \"><h2>9<\/h2><br><\/td><td class=\"day oldday \"><h2>10<\/h2><br><\/td><td class=\"day oldday \"><h2>11<\/h2><br><\/td><\/tr>\r\n<tr>\r\t<td class=\"day oldday \"><h2>12<\/h2><br><\/td><td class=\"day oldday \"><h2>13<\/h2><br><\/td><td class=\"day oldday \"><h2>14<\/h2><br><\/td><td class=\"day oldday \"><h2>15<\/h2><br><\/td><td class=\"day oldday \"><h2>16<\/h2><br><\/td><td class=\"day oldday \"><h2>17<\/h2><br><\/td><td class=\"day oldday \"><h2>18<\/h2><br><\/td><\/tr>\r\n<tr>\r\t<td class=\"eventday oldday \"><h2>19<\/h2><a data-tooltip=\"Piano &#038; Violin Recital, Juan Carlos Higiuita and Mac McClure, Teatro Julio Mario Santo Domingo, Bogot\u00e1, Colombia.\" class=\"\" href=\"https:\/\/www.macmcclure.com\/en\/event\/piano-violin-recital-juan-carlos-higiuita-and-mac-mcclure-teatro-julio-mario-santo-domingo-bogota-colombia\/\"><div class=\"qemtrim\"><span>Piano &#038; Viol...<\/span><br><img decoding=\"async\" src=\"https:\/\/www.macmcclure.com\/wp-content\/uploads\/2023\/11\/2024-con-Juan-Carlos-Higuita.png\"><\/div><\/a><\/td><td class=\"day oldday \"><h2>20<\/h2><br><\/td><td class=\"day oldday \"><h2>21<\/h2><br><\/td><td class=\"day oldday \"><h2>22<\/h2><br><\/td><td class=\"day oldday \"><h2>23<\/h2><br><\/td><td class=\"day oldday \"><h2>24<\/h2><br><\/td><td class=\"eventday  \"><h2>25<\/h2><a data-tooltip=\"15 a\u00f1os de amistad en viol\u00edn &#038; piano\" class=\" tooltip-left \" href=\"https:\/\/www.macmcclure.com\/en\/event\/15-anos-de-amistad-en-violin-piano\/\"><div class=\"qemtrim\"><span>15 a\u00f1os de amista...<\/span><br><img decoding=\"async\" src=\"https:\/\/www.macmcclure.com\/wp-content\/uploads\/2026\/03\/mac.webp\"><\/div><\/a><\/td><\/tr>\r\n<tr>\r\t<td class=\"day  \"><h2>26<\/h2><br><\/td><td class=\"day  \"><h2>27<\/h2><br><\/td><td class=\"day  \"><h2>28<\/h2><br><\/td><td class=\"day  \"><h2>29<\/h2><br><\/td><td class=\"day  \"><h2>30<\/h2><br><\/td><\/table><\/div><\/div>\n\n\n<p><\/p>\n","protected":false},"excerpt":{"rendered":"<p>[et_pb_section fb_built=\u00bb1&#8243; fullwidth=\u00bbon\u00bb _builder_version=\u00bb3.0.47&#8243;][et_pb_fullwidth_post_title meta=\u00bboff\u00bb featured_image=\u00bboff\u00bb text_color=\u00bblight\u00bb _builder_version=\u00bb3.9&#8243; title_font_size=\u00bb40px\u00bb background_image=\u00bbhttps:\/\/www.macmcclure.com\/wp-content\/uploads\/eventos.jpg\u00bb box_shadow_style=\u00bbpreset6&#8243; box_shadow_blur=\u00bb33px\u00bb box_shadow_spread=\u00bb2px\u00bb box_shadow_color=\u00bb#000000&#8243; text_orientation=\u00bbcenter\u00bb custom_padding=\u00bb||100px|\u00bb animation_style=\u00bbfade\u00bb text_shadow_style=\u00bbpreset1&#8243;][\/et_pb_fullwidth_post_title][\/et_pb_section][et_pb_section fb_built=\u00bb1&#8243; _builder_version=\u00bb3.9&#8243; custom_margin=\u00bb|||\u00bb custom_padding=\u00bb0px|||\u00bb][et_pb_row custom_padding=\u00bb0px|||\u00bb _builder_version=\u00bb3.9&#8243; background_size=\u00bbinitial\u00bb background_position=\u00bbtop_left\u00bb background_repeat=\u00bbrepeat\u00bb][et_pb_column type=\u00bb4_4&#8243; _builder_version=\u00bb3.0.47&#8243;][et_pb_code]<\/p>\n","protected":false},"author":1,"featured_media":0,"parent":0,"menu_order":45,"comment_status":"closed","ping_status":"closed","template":"","meta":{"_et_pb_use_builder":"on","_et_pb_old_content":"","_et_gb_content_width":"","pgc_sgb_lightbox_settings":""},"aioseo_notices":[],"_links":{"self":[{"href":"https:\/\/www.macmcclure.com\/en\/wp-json\/wp\/v2\/pages\/85"}],"collection":[{"href":"https:\/\/www.macmcclure.com\/en\/wp-json\/wp\/v2\/pages"}],"about":[{"href":"https:\/\/www.macmcclure.com\/en\/wp-json\/wp\/v2\/types\/page"}],"author":[{"embeddable":true,"href":"https:\/\/www.macmcclure.com\/en\/wp-json\/wp\/v2\/users\/1"}],"replies":[{"embeddable":true,"href":"https:\/\/www.macmcclure.com\/en\/wp-json\/wp\/v2\/comments?post=85"}],"version-history":[{"count":138,"href":"https:\/\/www.macmcclure.com\/en\/wp-json\/wp\/v2\/pages\/85\/revisions"}],"predecessor-version":[{"id":4869,"href":"https:\/\/www.macmcclure.com\/en\/wp-json\/wp\/v2\/pages\/85\/revisions\/4869"}],"wp:attachment":[{"href":"https:\/\/www.macmcclure.com\/en\/wp-json\/wp\/v2\/media?parent=85"}],"curies":[{"name":"wp","href":"https:\/\/api.w.org\/{rel}","templated":true}]}}