{"id":81,"date":"2018-07-02T22:00:25","date_gmt":"2018-07-03T03:00:25","guid":{"rendered":"http:\/\/macmcclure.com\/?page_id=1311"},"modified":"2018-07-02T22:00:25","modified_gmt":"2018-07-03T03:00:25","slug":"carlos-surinach","status":"publish","type":"page","link":"https:\/\/www.macmcclure.com\/en\/compositores\/carlos-surinach\/","title":{"rendered":"Carlos Surinach"},"content":{"rendered":"<p>[et_pb_section bb_built=\u00bb1&#8243; fullwidth=\u00bbon\u00bb specialty=\u00bboff\u00bb next_background_color=\u00bb#000000&#8243;][et_pb_fullwidth_post_title _builder_version=\u00bb3.9&#8243; meta=\u00bboff\u00bb featured_image=\u00bboff\u00bb background_image=\u00bbhttp:\/\/macmcclure.com\/wp-content\/uploads\/copositores-1.jpg\u00bb text_color=\u00bblight\u00bb text_orientation=\u00bbcenter\u00bb text_shadow_style=\u00bbpreset1&#8243; title_font_size=\u00bb40px\u00bb custom_padding=\u00bb||100px|\u00bb box_shadow_style=\u00bbpreset6&#8243; box_shadow_blur=\u00bb25px\u00bb \/][\/et_pb_section][et_pb_section bb_built=\u00bb1&#8243; fullwidth=\u00bboff\u00bb specialty=\u00bboff\u00bb prev_background_color=\u00bb#000000&#8243;][et_pb_row][et_pb_column type=\u00bb4_4&#8243;][et_pb_tabs _builder_version=\u00bb3.9&#8243;][et_pb_tab _builder_version=\u00bb3.9&#8243; use_background_color_gradient=\u00bboff\u00bb background_color_gradient_start=\u00bb#2b87da\u00bb background_color_gradient_end=\u00bb#29c4a9&#8243; background_color_gradient_type=\u00bblinear\u00bb background_color_gradient_direction=\u00bb180deg\u00bb background_color_gradient_direction_radial=\u00bbcenter\u00bb background_color_gradient_start_position=\u00bb0%\u00bb background_color_gradient_end_position=\u00bb100%\u00bb background_color_gradient_overlays_image=\u00bboff\u00bb parallax=\u00bboff\u00bb parallax_method=\u00bbon\u00bb background_size=\u00bbcover\u00bb background_position=\u00bbcenter\u00bb background_repeat=\u00bbno-repeat\u00bb background_blend=\u00bbnormal\u00bb allow_player_pause=\u00bboff\u00bb background_video_pause_outside_viewport=\u00bbon\u00bb tab_text_shadow_style=\u00bbnone\u00bb body_text_shadow_style=\u00bbnone\u00bb title=\u00bbBiograf\u00eda\u00bb tab_text_shadow_horizontal_length=\u00bb0em\u00bb tab_text_shadow_vertical_length=\u00bb0em\u00bb tab_text_shadow_blur_strength=\u00bb0em\u00bb body_text_align=\u00bbjustify\u00bb body_text_shadow_horizontal_length=\u00bb0em\u00bb body_text_shadow_vertical_length=\u00bb0em\u00bb body_text_shadow_blur_strength=\u00bb0em\u00bb]<\/p>\n<p style=\"text-align: justify;\"><img decoding=\"async\" loading=\"lazy\" class=\"size-full wp-image-955 alignleft\" src=\"http:\/\/macmcclure.com\/wp-content\/uploads\/1-Carlos-Surinach.png\" alt=\"\" width=\"450\" height=\"583\" \/>Nacido el 4 de marzo de 1915 en Barcelona, \u200b\u200bCarlos Surinach fue uno de los compositores principales de este siglo para la danza.\u00a0Sus obras combinan la imaginer\u00eda de fuego de su Espa\u00f1a natal con la sofisticaci\u00f3n t\u00e9cnica de su educaci\u00f3n musical alem\u00e1n.\u00a0Los estudios en composici\u00f3n en el Conservatorio de Barcelona fueron seguidas por un trabajo avanzado en el Conservatorio de D\u00fcsseldorf, Colonia Hochschule y Academia Prusiana de Berl\u00edn, as\u00ed como en conferencias-seminarios menores de Strauss.\u00a0Fue director de la Filarm\u00f3nica de Barcelona y la orquesta del Gran Teatro del Liceo realizar el estreno mundial de la Montsalvatge El Gato con Botas y el concierto para piano de remolque de Poulenc, con Poulenc y Alicia de Larrocha como solistas.\u00a0M\u00e1s tarde se traslad\u00f3 a los Estados Unidos en 1951, donde adquiri\u00f3 fama como compositor y director de orquesta.<\/p>\n<p>En los Estados Unidos, las puntuaciones de Suri\u00f1ach fueron recogidos r\u00e1pidamente por core\u00f3grafos y compa\u00f1\u00edas de danza de Martha Graham, incluyendo y el Ballet Joffrey.\u00a0Graham incluy\u00f3 su Acr\u00f3batas de Dios y Embattled Jard\u00edn en sus programas del Festival de Edimburgo y el Joffrey programado su Fiesta de las cenizas de su gira por Rusia en 1963.\u00a0Un cuerpo impresionante de orquesta, coral y m\u00fasica de c\u00e1mara, as\u00ed como m\u00fasica para la danza es de color de forma \u00fanica por el sentido innato del Surinach de ritmo y melod\u00eda.<\/p>\n<p>Surinach ense\u00f1\u00f3 en la Universidad Carnegie Mellon y recibi\u00f3 comisiones y subvenciones de la Orquesta de Louisville, Ricordi, la Fundaci\u00f3n Rothschild, Martha Graham, MGM Records, y muchas otras instituciones.\u00a0Fue galardonado con la Medalla Bax Sociedad de Inglaterra para la Commonwealth no Compositores en 1966 y el t\u00edtulo espa\u00f1ol de Caballero Comandante de la Orden de Isabel I de Castilla en 1972.<\/p>\n<p>[\/et_pb_tab][et_pb_tab _builder_version=\u00bb3.9&#8243; use_background_color_gradient=\u00bboff\u00bb background_color_gradient_start=\u00bb#2b87da\u00bb background_color_gradient_end=\u00bb#29c4a9&#8243; background_color_gradient_type=\u00bblinear\u00bb background_color_gradient_direction=\u00bb180deg\u00bb background_color_gradient_direction_radial=\u00bbcenter\u00bb background_color_gradient_start_position=\u00bb0%\u00bb background_color_gradient_end_position=\u00bb100%\u00bb background_color_gradient_overlays_image=\u00bboff\u00bb parallax=\u00bboff\u00bb parallax_method=\u00bbon\u00bb background_size=\u00bbcover\u00bb background_position=\u00bbcenter\u00bb background_repeat=\u00bbno-repeat\u00bb background_blend=\u00bbnormal\u00bb allow_player_pause=\u00bboff\u00bb background_video_pause_outside_viewport=\u00bbon\u00bb tab_text_shadow_style=\u00bbnone\u00bb body_text_shadow_style=\u00bbnone\u00bb title=\u00bbObras\u00bb tab_text_shadow_horizontal_length=\u00bb0em\u00bb tab_text_shadow_vertical_length=\u00bb0em\u00bb tab_text_shadow_blur_strength=\u00bb0em\u00bb body_text_align=\u00bbjustify\u00bb body_text_shadow_horizontal_length=\u00bb0em\u00bb body_text_shadow_vertical_length=\u00bb0em\u00bb body_text_shadow_blur_strength=\u00bb0em\u00bb]<\/p>\n<h2>Ballet<\/h2>\n<table border=\"1\" cellspacing=\"1\" cellpadding=\"1\">\n<thead>\n<tr bgcolor=\"#cccccc\">\n<th scope=\"col\">Year<\/th>\n<th scope=\"col\">Title<\/th>\n<th scope=\"col\">Instruments<\/th>\n<th scope=\"col\">Choreographer<\/th>\n<th scope=\"col\">Publisher<\/th>\n<\/tr>\n<\/thead>\n<tbody>\n<tr>\n<td>1945<\/td>\n<td>Passacaglia-Symphony<\/td>\n<td>orquestra piece<\/td>\n<td>\u2013<\/td>\n<td>\u2013<\/td>\n<\/tr>\n<tr>\n<td>1945<\/td>\n<td>Ritmo Jondo<\/td>\n<td>orquestra piece<\/td>\n<td>D Humphrey<\/td>\n<td>Associated<\/td>\n<\/tr>\n<tr>\n<td>1946<\/td>\n<td>Danza andaluza<\/td>\n<td>chbe orch<\/td>\n<td>\u2013<\/td>\n<td>\u2013<\/td>\n<\/tr>\n<tr>\n<td>1947<\/td>\n<td>El mozo que cas\u00f3 con mujer brava<\/td>\n<td>opera<\/td>\n<td>Paul Goube<\/td>\n<td>\u2013<\/td>\n<\/tr>\n<tr>\n<td>1953<\/td>\n<td>Embattled Graden<\/td>\n<td>ballet<\/td>\n<td>Martha Grahm<\/td>\n<td>\u2013<\/td>\n<\/tr>\n<tr>\n<td>1953<\/td>\n<td>sinfonietta flamenca<\/td>\n<td>orch<\/td>\n<td>\u2013<\/td>\n<td>\u2013<\/td>\n<\/tr>\n<tr>\n<td>1954<\/td>\n<td>Fandago<\/td>\n<td>orch<\/td>\n<td>\u2013<\/td>\n<td>\u2013<\/td>\n<\/tr>\n<tr>\n<td>1957<\/td>\n<td>Sinfonia chica<\/td>\n<td>orch<\/td>\n<td>\u2013<\/td>\n<td>\u2013<\/td>\n<\/tr>\n<tr>\n<td>1959<\/td>\n<td>Concerto for orchestra<\/td>\n<td>orch<\/td>\n<td>\u2013<\/td>\n<td>\u2013<\/td>\n<\/tr>\n<tr>\n<td>1960<\/td>\n<td>Acrobats of God<\/td>\n<td>ballet<\/td>\n<td>Martha Graham<\/td>\n<td>Associated<\/td>\n<\/tr>\n<tr>\n<td>1960<\/td>\n<td>Apasionada<\/td>\n<td>ballet<\/td>\n<td>Palu Long<\/td>\n<td>\u2013<\/td>\n<\/tr>\n<tr>\n<td>1960<\/td>\n<td>David and Bathshedba<\/td>\n<td>ballet<\/td>\n<td>J Butler<\/td>\n<td>\u2013<\/td>\n<\/tr>\n<tr>\n<td>1962<\/td>\n<td>Symphonic variationes<\/td>\n<td>orch<\/td>\n<td>\u2013<\/td>\n<td>\u2013<\/td>\n<\/tr>\n<tr>\n<td>1965<\/td>\n<td>Venta quemada<\/td>\n<td>ballet<\/td>\n<td>P. Lang<\/td>\n<td>\u2013<\/td>\n<\/tr>\n<tr>\n<td>1966<\/td>\n<td>Melorhythmic Dramas<\/td>\n<td>orch<\/td>\n<td>\u2013<\/td>\n<td>\u2013<\/td>\n<\/tr>\n<tr>\n<td>1967<\/td>\n<td>Agathe&#8217;s Tale<\/td>\n<td>ballet<\/td>\n<td>P Taylor<\/td>\n<td>\u2013<\/td>\n<\/tr>\n<tr>\n<td>1967<\/td>\n<td>Suite Espa\u00f1ola<\/td>\n<td>ballet<\/td>\n<td>J.de Udaeta<\/td>\n<td>\u2013<\/td>\n<\/tr>\n<tr>\n<td>1977<\/td>\n<td>The Owl and the Pussycat<\/td>\n<td>ballet<\/td>\n<td>Martha Grahm<\/td>\n<td>\u2013<\/td>\n<\/tr>\n<tr>\n<td>1978<\/td>\n<td>Blood Wedding<\/td>\n<td>Ballet<\/td>\n<td>Terekhov<\/td>\n<td>\u2013<\/td>\n<\/tr>\n<tr>\n<td>1949-50<\/td>\n<td>Symphony no 2<\/td>\n<td>orch<\/td>\n<td>\u2013<\/td>\n<td>\u2013<\/td>\n<\/tr>\n<tr>\n<td>1964-65<\/td>\n<td>Los renegados<\/td>\n<td>ballet<\/td>\n<td>j: Anduze<\/td>\n<td>\u2013<\/td>\n<\/tr>\n<\/tbody>\n<\/table>\n<h2>Chamber<\/h2>\n<table border=\"1\" cellspacing=\"1\" cellpadding=\"1\">\n<thead>\n<tr bgcolor=\"#cccccc\">\n<th scope=\"col\">Year<\/th>\n<th scope=\"col\">Title<\/th>\n<th scope=\"col\">Instruments<\/th>\n<th scope=\"col\">Publisher<\/th>\n<\/tr>\n<\/thead>\n<tbody>\n<tr>\n<td>1944<\/td>\n<td>Piano quartet<\/td>\n<td>pf,vn,va,vc<\/td>\n<td>\u2013<\/td>\n<\/tr>\n<tr>\n<td>1953<\/td>\n<td>Tientos<\/td>\n<td>fl,ob,cl,va,vc,hp<\/td>\n<td>\u2013<\/td>\n<\/tr>\n<tr>\n<td>1954<\/td>\n<td>tres Cantos berbers<\/td>\n<td>fl,ob,cl,va,vc,hp<\/td>\n<td>\u2013<\/td>\n<\/tr>\n<tr>\n<td>1965<\/td>\n<td>Flamenco meditations<\/td>\n<td>vn pf<\/td>\n<td>\u2013<\/td>\n<\/tr>\n<tr>\n<td>1967<\/td>\n<td>Flamenco cyclothymia<\/td>\n<td>vn pf<\/td>\n<td>Peer<\/td>\n<\/tr>\n<tr>\n<td>1970<\/td>\n<td>Via Crucis<\/td>\n<td>vv gui<\/td>\n<td>\u2013<\/td>\n<\/tr>\n<tr>\n<td>1973<\/td>\n<td>Players<\/td>\n<td>vn gui<\/td>\n<td>\u2013<\/td>\n<\/tr>\n<tr>\n<td>1974<\/td>\n<td>Sting quartet<\/td>\n<td>vn vn va vc<\/td>\n<td>Associated<\/td>\n<\/tr>\n<tr>\n<td>\u2013<\/td>\n<td>4 tonadas del siglo 18<\/td>\n<td>various<\/td>\n<td>Peer<\/td>\n<\/tr>\n<\/tbody>\n<\/table>\n<h2>Choral<\/h2>\n<table border=\"1\" cellspacing=\"1\" cellpadding=\"1\">\n<thead>\n<tr bgcolor=\"#cccccc\">\n<th scope=\"col\">Year<\/th>\n<th scope=\"col\">Title<\/th>\n<th scope=\"col\">Instruments<\/th>\n<th scope=\"col\">Publisher<\/th>\n<\/tr>\n<\/thead>\n<tbody>\n<tr>\n<td>1963<\/td>\n<td>Cant de San Juan<\/td>\n<td>SATB<\/td>\n<td>\u2013<\/td>\n<\/tr>\n<tr>\n<td>1964<\/td>\n<td>Songs of the Soul<\/td>\n<td>SATB<\/td>\n<td>\u2013<\/td>\n<\/tr>\n<tr>\n<td>1969<\/td>\n<td>The Missions of San Antonio<\/td>\n<td>male vv orch<\/td>\n<td>\u2013<\/td>\n<\/tr>\n<\/tbody>\n<\/table>\n<h2>Concerto<\/h2>\n<table border=\"1\" cellspacing=\"1\" cellpadding=\"1\">\n<thead>\n<tr bgcolor=\"#cccccc\">\n<th scope=\"col\">Year<\/th>\n<th scope=\"col\">Title<\/th>\n<th scope=\"col\">Instruments<\/th>\n<th scope=\"col\">Publisher<\/th>\n<\/tr>\n<\/thead>\n<tbody>\n<tr>\n<td>1954<\/td>\n<td>Doppio concertino<\/td>\n<td>vn,pf,9 insts<\/td>\n<td>\u2013<\/td>\n<\/tr>\n<tr>\n<td>1956<\/td>\n<td>Concertino<\/td>\n<td>pf, str, cym<\/td>\n<td>Associated<\/td>\n<\/tr>\n<tr>\n<td>1973<\/td>\n<td>Piano Concerto<\/td>\n<td>orch<\/td>\n<td>\u2013<\/td>\n<\/tr>\n<tr>\n<td>1978<\/td>\n<td>Concerto for strings<\/td>\n<td>str orch<\/td>\n<td>\u2013<\/td>\n<\/tr>\n<tr>\n<td>1978<\/td>\n<td>Harp concerto<\/td>\n<td>orch<\/td>\n<td>\u2013<\/td>\n<\/tr>\n<tr>\n<td>1980<\/td>\n<td>Violin concerto<\/td>\n<td>orch<\/td>\n<td>\u2013<\/td>\n<\/tr>\n<\/tbody>\n<\/table>\n<h2>Doppio concertino<\/h2>\n<table border=\"1\" cellspacing=\"1\" cellpadding=\"1\">\n<thead>\n<tr bgcolor=\"#cccccc\">\n<th scope=\"col\">Year<\/th>\n<th scope=\"col\">Title<\/th>\n<th scope=\"col\">Instruments<\/th>\n<th scope=\"col\">Publisher<\/th>\n<\/tr>\n<\/thead>\n<tbody>\n<tr>\n<td>1979<\/td>\n<td>Feast of ashes<\/td>\n<td>ballet<\/td>\n<td>\u2013<\/td>\n<\/tr>\n<\/tbody>\n<\/table>\n<h2>Overture<\/h2>\n<table border=\"1\" cellspacing=\"1\" cellpadding=\"1\">\n<thead>\n<tr bgcolor=\"#cccccc\">\n<th scope=\"col\">Year<\/th>\n<th scope=\"col\">Title<\/th>\n<th scope=\"col\">Instruments<\/th>\n<th scope=\"col\">Publisher<\/th>\n<\/tr>\n<\/thead>\n<tbody>\n<tr>\n<td>1956<\/td>\n<td>Feria magica<\/td>\n<td>orch<\/td>\n<td>Associated<\/td>\n<\/tr>\n<tr>\n<td>1965<\/td>\n<td>Drama jondo<\/td>\n<td>orch<\/td>\n<td>\u2013<\/td>\n<\/tr>\n<tr>\n<td>1973<\/td>\n<td>The trumpets of the Seraphin<\/td>\n<td>orch<\/td>\n<td>\u2013<\/td>\n<\/tr>\n<\/tbody>\n<\/table>\n<h2>Piano<\/h2>\n<table border=\"1\" cellspacing=\"1\" cellpadding=\"1\">\n<thead>\n<tr bgcolor=\"#cccccc\">\n<th scope=\"col\">Year<\/th>\n<th scope=\"col\">Title<\/th>\n<th scope=\"col\">Instruments<\/th>\n<th scope=\"col\">Publisher<\/th>\n<\/tr>\n<\/thead>\n<tbody>\n<tr>\n<td>1953<\/td>\n<td>Tres canciones y dansas<\/td>\n<td>pf<\/td>\n<td>Peer<\/td>\n<\/tr>\n<tr>\n<td>1955<\/td>\n<td>Flaminquerias<\/td>\n<td>2 pf<\/td>\n<td>Peer<\/td>\n<\/tr>\n<tr>\n<td>1958<\/td>\n<td>Sonatina<\/td>\n<td>pf<\/td>\n<td>Peer<\/td>\n<\/tr>\n<tr>\n<td>1974<\/td>\n<td>Acrobacias de dios<\/td>\n<td>pf<\/td>\n<td>C.F.Peters<\/td>\n<\/tr>\n<\/tbody>\n<\/table>\n<h2>Vocal<\/h2>\n<table border=\"1\" cellspacing=\"1\" cellpadding=\"1\">\n<thead>\n<tr bgcolor=\"#cccccc\">\n<th scope=\"col\">Year<\/th>\n<th scope=\"col\">Title<\/th>\n<th scope=\"col\">Instruments<\/th>\n<th scope=\"col\">Publisher<\/th>\n<\/tr>\n<\/thead>\n<tbody>\n<tr>\n<td>1945<\/td>\n<td>Tres canciones<\/td>\n<td>S pf or chbr<\/td>\n<td>\u2013<\/td>\n<\/tr>\n<tr>\n<td>1958<\/td>\n<td>Tres cantares<\/td>\n<td>S pf<\/td>\n<td>\u2013<\/td>\n<\/tr>\n<\/tbody>\n<\/table>\n<p>[\/et_pb_tab][\/et_pb_tabs][\/et_pb_column][\/et_pb_row][\/et_pb_section]<\/p>\n","protected":false},"excerpt":{"rendered":"<div class=\"et_pb_row et_pb_row_0 et_pb_row_empty\"><\/div>\n<p> Nacido el 4 de marzo de 1915 en Barcelona, \u200b\u200bCarlos Surinach fue uno de los compositores principales de este siglo para la danza.\u00a0Sus obras combinan la imaginer\u00eda de fuego de su Espa\u00f1a natal con la sofisticaci\u00f3n t\u00e9cnica de su educaci\u00f3n musical alem\u00e1n.\u00a0Los estudios en composici\u00f3n en el Conservatorio de Barcelona fueron seguidas por un [&hellip;]<\/p>\n","protected":false},"author":1,"featured_media":0,"parent":41,"menu_order":7,"comment_status":"closed","ping_status":"closed","template":"","meta":{"_et_pb_use_builder":"on","_et_pb_old_content":"","_et_gb_content_width":"","pgc_sgb_lightbox_settings":""},"aioseo_notices":[],"_links":{"self":[{"href":"https:\/\/www.macmcclure.com\/en\/wp-json\/wp\/v2\/pages\/81"}],"collection":[{"href":"https:\/\/www.macmcclure.com\/en\/wp-json\/wp\/v2\/pages"}],"about":[{"href":"https:\/\/www.macmcclure.com\/en\/wp-json\/wp\/v2\/types\/page"}],"author":[{"embeddable":true,"href":"https:\/\/www.macmcclure.com\/en\/wp-json\/wp\/v2\/users\/1"}],"replies":[{"embeddable":true,"href":"https:\/\/www.macmcclure.com\/en\/wp-json\/wp\/v2\/comments?post=81"}],"version-history":[{"count":0,"href":"https:\/\/www.macmcclure.com\/en\/wp-json\/wp\/v2\/pages\/81\/revisions"}],"up":[{"embeddable":true,"href":"https:\/\/www.macmcclure.com\/en\/wp-json\/wp\/v2\/pages\/41"}],"wp:attachment":[{"href":"https:\/\/www.macmcclure.com\/en\/wp-json\/wp\/v2\/media?parent=81"}],"curies":[{"name":"wp","href":"https:\/\/api.w.org\/{rel}","templated":true}]}}