{"id":71,"date":"2018-07-02T21:47:25","date_gmt":"2018-07-03T02:47:25","guid":{"rendered":"http:\/\/macmcclure.com\/?page_id=1293"},"modified":"2018-07-02T21:47:25","modified_gmt":"2018-07-03T02:47:25","slug":"frederic-mompou","status":"publish","type":"page","link":"https:\/\/www.macmcclure.com\/en\/compositores\/frederic-mompou\/","title":{"rendered":"Frederic Mompou"},"content":{"rendered":"<p>[et_pb_section bb_built=\u00bb1&#8243; fullwidth=\u00bbon\u00bb specialty=\u00bboff\u00bb next_background_color=\u00bb#000000&#8243;][et_pb_fullwidth_post_title _builder_version=\u00bb3.9&#8243; meta=\u00bboff\u00bb featured_image=\u00bboff\u00bb background_image=\u00bbhttp:\/\/macmcclure.com\/wp-content\/uploads\/copositores-1.jpg\u00bb text_color=\u00bblight\u00bb text_orientation=\u00bbcenter\u00bb text_shadow_style=\u00bbpreset1&#8243; title_font_size=\u00bb40px\u00bb custom_padding=\u00bb||100px|\u00bb box_shadow_style=\u00bbpreset6&#8243; box_shadow_blur=\u00bb25px\u00bb \/][\/et_pb_section][et_pb_section bb_built=\u00bb1&#8243; fullwidth=\u00bboff\u00bb specialty=\u00bboff\u00bb prev_background_color=\u00bb#000000&#8243;][et_pb_row][et_pb_column type=\u00bb4_4&#8243;][et_pb_tabs _builder_version=\u00bb3.9&#8243;][et_pb_tab _builder_version=\u00bb3.9&#8243; use_background_color_gradient=\u00bboff\u00bb background_color_gradient_start=\u00bb#2b87da\u00bb background_color_gradient_end=\u00bb#29c4a9&#8243; background_color_gradient_type=\u00bblinear\u00bb background_color_gradient_direction=\u00bb180deg\u00bb background_color_gradient_direction_radial=\u00bbcenter\u00bb background_color_gradient_start_position=\u00bb0%\u00bb background_color_gradient_end_position=\u00bb100%\u00bb background_color_gradient_overlays_image=\u00bboff\u00bb parallax=\u00bboff\u00bb parallax_method=\u00bbon\u00bb background_size=\u00bbcover\u00bb background_position=\u00bbcenter\u00bb background_repeat=\u00bbno-repeat\u00bb background_blend=\u00bbnormal\u00bb allow_player_pause=\u00bboff\u00bb background_video_pause_outside_viewport=\u00bbon\u00bb tab_text_shadow_style=\u00bbnone\u00bb body_text_shadow_style=\u00bbnone\u00bb title=\u00bbBiograf\u00eda\u00bb tab_text_shadow_horizontal_length=\u00bb0em\u00bb tab_text_shadow_vertical_length=\u00bb0em\u00bb tab_text_shadow_blur_strength=\u00bb0em\u00bb body_text_align=\u00bbjustify\u00bb body_text_shadow_horizontal_length=\u00bb0em\u00bb body_text_shadow_vertical_length=\u00bb0em\u00bb body_text_shadow_blur_strength=\u00bb0em\u00bb]<\/p>\n<p style=\"text-align: justify;\"><img decoding=\"async\" loading=\"lazy\" class=\"size-full wp-image-957 alignleft\" src=\"http:\/\/macmcclure.com\/wp-content\/uploads\/1-Frederic-Mompou.png\" alt=\"\" width=\"450\" height=\"584\" \/>El mundo musical de Mompou es un mundo con abundancia de colores, sonidos e im\u00e1genes, toda la huella de la Catalu\u00f1a que rodea a Mompou. Un hombre tranquilo y observador, atendi\u00f3 y busc\u00f3 la forma de expresar los profundos sentimientos que se ocultaban en su interior. Un individuo t\u00edmido y de voz suave, su m\u00fasica refleja sus pensamientos e ideas que representan el hombre que fue. Mompou naci\u00f3 el 16 de Abril de 1893 en Barcelona. Dio su primer recital en p\u00fablico en el 1908. El a\u00f1o 1909, en un concierto en Barcelona, tras escuchar a Faure interpretar su Quintet op 89, Mompou decidi\u00f3 que quer\u00eda hacerse compositor. En el 1911 compuso lo que fue a formar parte de su primera suite para piano\u00a0Plany d&#8217;Impressions \u00cdntimes. La m\u00fasica de Mompou deriva del soul, una vez escribi\u00f3 \u00abTodo el drama de mi vida se desarrolla en lo m\u00e1s profundo de m\u00ed y es ah\u00ed creada\u00bb.<\/p>\n<p>Su m\u00fasica para piano est\u00e1 llena de sonidos de Catalu\u00f1a y resonancias de recuerdos casi olvidados. Por un corto espacio de tiempo frecuent\u00f3 una f\u00e1brica de campanas en Barcelona. La f\u00e1brica produc\u00eda campanas que sonaban en varias octavas. Esta experiencia caus\u00f3 un profundo efecto en Mompou y las campanas se encuentran a menudo en su m\u00fasica. \u00c9l mismo dijo: \u00abLa mejor palabra es la palabra no dicha, como todos sab\u00e9is, soy un hombre de pocas palabras y un m\u00fasico de pocas notas\u00bb. \u00abLa m\u00fasica est\u00e1 escrita para lo inexpresable, quisiera que ella pareciera salir de la sombra para volver de nuevo en ella. Me encuentro en la obligaci\u00f3n de encontrar nuevas formas, creo que nunca podr\u00e9 encerrar mi m\u00fasica en un mundo demasiado correcto.\u00bb<\/p>\n<p>Escribiendo sobre su propia m\u00fasica callada Mompou dijo: \u00abEsta m\u00fasica no tiene aire ni luz. Es un d\u00e9bil latir del coraz\u00f3n. No se le pide llegar m\u00e1s all\u00e1 de unos mil\u00edmetros en el espacio, pero s\u00ed la misi\u00f3n de penetrar en las grandes profundidades de nuestra alma y regiones mas secretas de nuestro esp\u00edritu. Esta m\u00fasica es callada porque su audici\u00f3n es interna. Contenci\u00f3n y reserva. Su emoci\u00f3n es secreta y solamente toma forma sonora en sus resonancias bajo la gran b\u00f3veda fr\u00eda de nuestra soledad. Deseo que en mi m\u00fasica callada, este ni\u00f1o reci\u00e9n nacido, nos aproxime a un nuevo calor de vida y a la expresi\u00f3n del coraz\u00f3n humano, siempre la misma y siempre renovando.\u00bb<\/p>\n<p>Recibi\u00f3 numerosos premios: Chevalier des Arts et Lettres del Ministerio Franc\u00e9s de Cultura, Miembro de la Real Academia del Arte Sant Jordi, Premio Nacional de la M\u00fasica y el Doctorado Honoris Causa por la Universidad de Barcelona. Conoci\u00f3 a la pianista catalana Carmen Bravo siendo jurado en una competici\u00f3n de piano en Barcelona, y fue arrollado por la pasi\u00f3n de su interpretaci\u00f3n del concierto de Schumann. Se casaron el a\u00f1o1957. Mompou muri\u00f3 en Barcelona el 30 de Junio de 1987.<\/p>\n<p>[\/et_pb_tab][et_pb_tab _builder_version=\u00bb3.9&#8243; use_background_color_gradient=\u00bboff\u00bb background_color_gradient_start=\u00bb#2b87da\u00bb background_color_gradient_end=\u00bb#29c4a9&#8243; background_color_gradient_type=\u00bblinear\u00bb background_color_gradient_direction=\u00bb180deg\u00bb background_color_gradient_direction_radial=\u00bbcenter\u00bb background_color_gradient_start_position=\u00bb0%\u00bb background_color_gradient_end_position=\u00bb100%\u00bb background_color_gradient_overlays_image=\u00bboff\u00bb parallax=\u00bboff\u00bb parallax_method=\u00bbon\u00bb background_size=\u00bbcover\u00bb background_position=\u00bbcenter\u00bb background_repeat=\u00bbno-repeat\u00bb background_blend=\u00bbnormal\u00bb allow_player_pause=\u00bboff\u00bb background_video_pause_outside_viewport=\u00bbon\u00bb tab_text_shadow_style=\u00bbnone\u00bb body_text_shadow_style=\u00bbnone\u00bb title=\u00bbObras\u00bb tab_text_shadow_horizontal_length=\u00bb0em\u00bb tab_text_shadow_vertical_length=\u00bb0em\u00bb tab_text_shadow_blur_strength=\u00bb0em\u00bb body_text_align=\u00bbjustify\u00bb body_text_shadow_horizontal_length=\u00bb0em\u00bb body_text_shadow_vertical_length=\u00bb0em\u00bb body_text_shadow_blur_strength=\u00bb0em\u00bb]<\/p>\n<h2>Piano<\/h2>\n<table border=\"1\" cellspacing=\"1\" cellpadding=\"1\">\n<thead>\n<tr>\n<th scope=\"col\" bgcolor=\"#CCCCCC\">A\u00f1o<\/th>\n<th scope=\"col\" bgcolor=\"#CCCCCC\">T\u00edtulo<\/th>\n<th scope=\"col\" bgcolor=\"#CCCCCC\">Editor<\/th>\n<\/tr>\n<\/thead>\n<tbody>\n<tr>\n<td>\u2013<\/td>\n<td>Impresiones \u00edntimas<\/td>\n<td>UME<\/td>\n<\/tr>\n<tr>\n<td>\u2013<\/td>\n<td>Pessebres<\/td>\n<td>Salabert<\/td>\n<\/tr>\n<tr>\n<td>\u2013<\/td>\n<td>Suburbis<\/td>\n<td>Salabert<\/td>\n<\/tr>\n<tr>\n<td>\u2013<\/td>\n<td>Scenes d&#8217;enfants<\/td>\n<td>Salabert<\/td>\n<\/tr>\n<tr>\n<td>\u2013<\/td>\n<td>Cants magics<\/td>\n<td>UME<\/td>\n<\/tr>\n<tr>\n<td>\u2013<\/td>\n<td>Fetes Lointaines<\/td>\n<td>Salabert<\/td>\n<\/tr>\n<tr>\n<td>\u2013<\/td>\n<td>Canci\u00f3n y danza 1-4<\/td>\n<td>UME<\/td>\n<\/tr>\n<tr>\n<td>\u2013<\/td>\n<td>Canci\u00f3n y danza 5-12<\/td>\n<td>Salabert<\/td>\n<\/tr>\n<tr>\n<td>\u2013<\/td>\n<td>Trois Variations<\/td>\n<td>Max Eschig<\/td>\n<\/tr>\n<tr>\n<td>\u2013<\/td>\n<td>Charmes<\/td>\n<td>Max Eschig<\/td>\n<\/tr>\n<tr>\n<td>\u2013<\/td>\n<td>Dialogues 1 et 2<\/td>\n<td>Max Eschig<\/td>\n<\/tr>\n<tr>\n<td>\u2013<\/td>\n<td>Preludios 1-4<\/td>\n<td>Heugel<\/td>\n<\/tr>\n<tr>\n<td>\u2013<\/td>\n<td>Preludios 5, 6, 8, 9 y 10<\/td>\n<td>Salabert<\/td>\n<\/tr>\n<tr>\n<td>\u2013<\/td>\n<td>Souvenirs de l&#8217;exposition<\/td>\n<td>Max Eschig<\/td>\n<\/tr>\n<tr>\n<td>\u2013<\/td>\n<td>Canci\u00f3n de cuna<\/td>\n<td>Heugel<\/td>\n<\/tr>\n<tr>\n<td>\u2013<\/td>\n<td>M\u00fasica callada I-IV<\/td>\n<td>Salabert<\/td>\n<\/tr>\n<tr>\n<td>\u2013<\/td>\n<td>Variaciones sobre un tema de Chopin<\/td>\n<td>Salabert<\/td>\n<\/tr>\n<tr>\n<td>\u2013<\/td>\n<td>Paisajes<\/td>\n<td>Salabert<\/td>\n<\/tr>\n<tr>\n<td>\u2013<\/td>\n<td>Canci\u00f3n y danza 14<\/td>\n<td>EMEC<\/td>\n<\/tr>\n<\/tbody>\n<\/table>\n<h2>Canciones con piano<\/h2>\n<table border=\"1\" cellspacing=\"1\" cellpadding=\"1\">\n<thead>\n<tr>\n<th scope=\"col\" bgcolor=\"#CCCCCC\">A\u00f1o<\/th>\n<th scope=\"col\" bgcolor=\"#CCCCCC\">T\u00edtulo<\/th>\n<th scope=\"col\" bgcolor=\"#CCCCCC\">Editor<\/th>\n<\/tr>\n<\/thead>\n<tbody>\n<tr>\n<td>\u2013<\/td>\n<td>L&#8217;hora gris<\/td>\n<td>UME<\/td>\n<\/tr>\n<tr>\n<td>\u2013<\/td>\n<td>Can\u00e7oneta incerta<\/td>\n<td>UME<\/td>\n<\/tr>\n<tr>\n<td>\u2013<\/td>\n<td>Comptines 1-6<\/td>\n<td>Salabert<\/td>\n<\/tr>\n<tr>\n<td>\u2013<\/td>\n<td>Rosa del Cam\u00ed, Cortina de fullatge, Incertitud i Neu<br \/>\n(Cuatro melodias)<\/td>\n<td>Salabert<\/td>\n<\/tr>\n<tr>\n<td>\u2013<\/td>\n<td>Cantar del Alma<\/td>\n<td>Salabert<\/td>\n<\/tr>\n<tr>\n<td>\u2013<\/td>\n<td>Llueve sobre el r\u00edo y Pastoral<br \/>\n(Dos melodias)<\/td>\n<td>Salabert<\/td>\n<\/tr>\n<tr>\n<td>\u2013<\/td>\n<td>Damunt de tu nom\u00e9s les flors, Aquesta nit un mateix vent, Jo et presentia com la mar, Fes-me la vida transparent, Ara no s\u00e9 si et veig encara<br \/>\n(Combat del somni)<\/td>\n<td>Salabert<\/td>\n<\/tr>\n<tr>\n<td>\u2013<\/td>\n<td>Can\u00e7\u00f3 de la fira<\/td>\n<td>Salabert<\/td>\n<\/tr>\n<tr>\n<td>\u2013<\/td>\n<td>Aureana do Sil<\/td>\n<td>Salabert<\/td>\n<\/tr>\n<tr>\n<td>\u2013<\/td>\n<td>El ni\u00f1o mudo<\/td>\n<td>UME<\/td>\n<\/tr>\n<tr>\n<td>\u2013<\/td>\n<td>Sant Mart\u00ed<\/td>\n<td>Tenora<\/td>\n<\/tr>\n<tr>\n<td>\u2013<\/td>\n<td>Primeros pasos<\/td>\n<td>Salabert<\/td>\n<\/tr>\n<tr>\n<td>\u2013<\/td>\n<td>Bequerianas<\/td>\n<td>Tenora<\/td>\n<\/tr>\n<tr>\n<td>\u2013<\/td>\n<td>Cinq melodies de Paul Val\u00e9ry<\/td>\n<td>Max Eschig<\/td>\n<\/tr>\n<\/tbody>\n<\/table>\n<h2>M\u00fasica con otros instrumentos<\/h2>\n<table border=\"1\" cellspacing=\"1\" cellpadding=\"1\">\n<thead>\n<tr>\n<th scope=\"col\" bgcolor=\"#CCCCCC\">A\u00f1o<\/th>\n<th scope=\"col\" bgcolor=\"#CCCCCC\">T\u00edtulo<\/th>\n<th scope=\"col\" bgcolor=\"#CCCCCC\">Editor<\/th>\n<\/tr>\n<\/thead>\n<tbody>\n<tr>\n<td>\u2013<\/td>\n<td>Altitud<br \/>\npiano y viol\u00edn<\/td>\n<td>EMEC<\/td>\n<\/tr>\n<tr>\n<td>\u2013<\/td>\n<td>El pont<br \/>\nchelo y piano<\/td>\n<td>EMEC<\/td>\n<\/tr>\n<tr>\n<td>\u2013<\/td>\n<td>Suite Compostelana<br \/>\nGuitarra<\/td>\n<td>Salabert<\/td>\n<\/tr>\n<tr>\n<td>\u2013<\/td>\n<td>Pastora (canci\u00f3n y danza 15)<br \/>\n\u00d3rgano<\/td>\n<td>EMEC<\/td>\n<\/tr>\n<tr>\n<td>\u2013<\/td>\n<td>Dos cantigas de Alfonso X el sabio<br \/>\nCoro mixto<\/td>\n<td>Salabert<\/td>\n<\/tr>\n<tr>\n<td>\u2013<\/td>\n<td>Ave Maria<br \/>\nCoro mixto<\/td>\n<td>Salabert<\/td>\n<\/tr>\n<tr>\n<td>\u2013<\/td>\n<td>Canto de Ultreia<br \/>\nCoro mixto<\/td>\n<td>Salabert<\/td>\n<\/tr>\n<tr>\n<td>\u2013<\/td>\n<td>Vida Interior<br \/>\nCoro mixto<\/td>\n<td>Salabert<\/td>\n<\/tr>\n<tr>\n<td>\u2013<\/td>\n<td>Ball rod\u00f2<br \/>\nMixed Chorus<\/td>\n<td>Federaci\u00f3n Catalana de Entidades Corales<\/td>\n<\/tr>\n<tr>\n<td>\u2013<\/td>\n<td>Cantar del Alma<br \/>\nCoro mixto y \u00f3rgano<\/td>\n<td>Salabert<\/td>\n<\/tr>\n<tr>\n<td>\u2013<\/td>\n<td>La vaca cega<br \/>\nCoro mixto y \u00f3rgano<\/td>\n<td>\u2013<\/td>\n<\/tr>\n<tr>\n<td>\u2013<\/td>\n<td>Improperios<br \/>\nBar\u00edtono, coro mixto y orquesta<\/td>\n<td>Salabert<\/td>\n<\/tr>\n<\/tbody>\n<\/table>\n<h2>Transcripciones<\/h2>\n<table border=\"1\" cellspacing=\"1\" cellpadding=\"1\">\n<thead>\n<tr>\n<th scope=\"col\" bgcolor=\"#CCCCCC\">A\u00f1o<\/th>\n<th scope=\"col\" bgcolor=\"#CCCCCC\">T\u00edtulo<\/th>\n<th scope=\"col\" bgcolor=\"#CCCCCC\">Editor<\/th>\n<\/tr>\n<\/thead>\n<tbody>\n<tr>\n<td>\u2013<\/td>\n<td>Jeunes filles au Jardin<br \/>\nviol\u00edn y piano, J. Szigeti<\/td>\n<td>\u2013<\/td>\n<\/tr>\n<\/tbody>\n<\/table>\n<p>[\/et_pb_tab][\/et_pb_tabs][\/et_pb_column][\/et_pb_row][\/et_pb_section]<\/p>\n","protected":false},"excerpt":{"rendered":"<div class=\"et_pb_row et_pb_row_0 et_pb_row_empty\"><\/div>\n<p> El mundo musical de Mompou es un mundo con abundancia de colores, sonidos e im\u00e1genes, toda la huella de la Catalu\u00f1a que rodea a Mompou. Un hombre tranquilo y observador, atendi\u00f3 y busc\u00f3 la forma de expresar los profundos sentimientos que se ocultaban en su interior. Un individuo t\u00edmido y de voz suave, su [&hellip;]<\/p>\n","protected":false},"author":1,"featured_media":0,"parent":41,"menu_order":5,"comment_status":"closed","ping_status":"closed","template":"","meta":{"_et_pb_use_builder":"on","_et_pb_old_content":"","_et_gb_content_width":"","pgc_sgb_lightbox_settings":""},"aioseo_notices":[],"_links":{"self":[{"href":"https:\/\/www.macmcclure.com\/en\/wp-json\/wp\/v2\/pages\/71"}],"collection":[{"href":"https:\/\/www.macmcclure.com\/en\/wp-json\/wp\/v2\/pages"}],"about":[{"href":"https:\/\/www.macmcclure.com\/en\/wp-json\/wp\/v2\/types\/page"}],"author":[{"embeddable":true,"href":"https:\/\/www.macmcclure.com\/en\/wp-json\/wp\/v2\/users\/1"}],"replies":[{"embeddable":true,"href":"https:\/\/www.macmcclure.com\/en\/wp-json\/wp\/v2\/comments?post=71"}],"version-history":[{"count":0,"href":"https:\/\/www.macmcclure.com\/en\/wp-json\/wp\/v2\/pages\/71\/revisions"}],"up":[{"embeddable":true,"href":"https:\/\/www.macmcclure.com\/en\/wp-json\/wp\/v2\/pages\/41"}],"wp:attachment":[{"href":"https:\/\/www.macmcclure.com\/en\/wp-json\/wp\/v2\/media?parent=71"}],"curies":[{"name":"wp","href":"https:\/\/api.w.org\/{rel}","templated":true}]}}