{"id":66,"date":"2018-07-02T18:41:56","date_gmt":"2018-07-02T23:41:56","guid":{"rendered":"http:\/\/macmcclure.com\/?page_id=1244"},"modified":"2018-07-02T18:41:56","modified_gmt":"2018-07-02T23:41:56","slug":"gaspar-cassado","status":"publish","type":"page","link":"https:\/\/www.macmcclure.com\/en\/compositores\/gaspar-cassado\/","title":{"rendered":"Gaspar Cassad\u00f3"},"content":{"rendered":"<p>[et_pb_section bb_built=\u00bb1&#8243; fullwidth=\u00bbon\u00bb specialty=\u00bboff\u00bb next_background_color=\u00bb#000000&#8243;][et_pb_fullwidth_post_title _builder_version=\u00bb3.9&#8243; meta=\u00bboff\u00bb featured_image=\u00bboff\u00bb background_image=\u00bbhttp:\/\/macmcclure.com\/wp-content\/uploads\/copositores-1.jpg\u00bb text_color=\u00bblight\u00bb text_orientation=\u00bbcenter\u00bb text_shadow_style=\u00bbpreset1&#8243; title_font_size=\u00bb40px\u00bb custom_padding=\u00bb||100px|\u00bb box_shadow_style=\u00bbpreset6&#8243; box_shadow_blur=\u00bb25px\u00bb \/][\/et_pb_section][et_pb_section bb_built=\u00bb1&#8243; fullwidth=\u00bboff\u00bb specialty=\u00bboff\u00bb prev_background_color=\u00bb#000000&#8243;][et_pb_row][et_pb_column type=\u00bb4_4&#8243;][et_pb_tabs _builder_version=\u00bb3.9&#8243;][et_pb_tab _builder_version=\u00bb3.9&#8243; use_background_color_gradient=\u00bboff\u00bb background_color_gradient_start=\u00bb#2b87da\u00bb background_color_gradient_end=\u00bb#29c4a9&#8243; background_color_gradient_type=\u00bblinear\u00bb background_color_gradient_direction=\u00bb180deg\u00bb background_color_gradient_direction_radial=\u00bbcenter\u00bb background_color_gradient_start_position=\u00bb0%\u00bb background_color_gradient_end_position=\u00bb100%\u00bb background_color_gradient_overlays_image=\u00bboff\u00bb parallax=\u00bboff\u00bb parallax_method=\u00bbon\u00bb background_size=\u00bbcover\u00bb background_position=\u00bbcenter\u00bb background_repeat=\u00bbno-repeat\u00bb background_blend=\u00bbnormal\u00bb allow_player_pause=\u00bboff\u00bb background_video_pause_outside_viewport=\u00bbon\u00bb tab_text_shadow_style=\u00bbnone\u00bb body_text_shadow_style=\u00bbnone\u00bb title=\u00bbBiograf\u00eda\u00bb tab_text_shadow_horizontal_length=\u00bb0em\u00bb tab_text_shadow_vertical_length=\u00bb0em\u00bb tab_text_shadow_blur_strength=\u00bb0em\u00bb body_text_align=\u00bbjustify\u00bb body_text_shadow_horizontal_length=\u00bb0em\u00bb body_text_shadow_vertical_length=\u00bb0em\u00bb body_text_shadow_blur_strength=\u00bb0em\u00bb]<\/p>\n<p style=\"text-align: justify;\"><img decoding=\"async\" loading=\"lazy\" class=\"size-full wp-image-958 alignleft\" src=\"http:\/\/macmcclure.com\/wp-content\/uploads\/1-Gaspar-Cassado.png\" alt=\"\" width=\"450\" height=\"584\" \/>Gaspar Cassad\u00f3 naci\u00f3 el 30 de septiembre de 1897 en Barcelona, y fue en esta ciudad donde empez\u00f3 sus estudios musicales a los 5 a\u00f1os. En 1907 se traslad\u00f3 a Par\u00eds con su padre, el m\u00fasico Joaquim Cassad\u00f3. En Par\u00eds conoci\u00f3 y estudi\u00f3 con Pau Casals y trabaj\u00f3 armon\u00eda con Ravel y Falla. Su trabajo con Casals le marc\u00f3 toda su vida, tanto en el aspecto t\u00e9cnico como en el musical. Hizo una gran carrera como solista actuando por todo el mundo. Tuvo un gran inter\u00e9s en la m\u00fasica actual y estren\u00f3 muchas obras de autores como Morera, Honegger, Tansman, Hindemith, Castelnuovo-Tedesco, Pfitzner, Halfter, Khachaturian, Martinu, Delius, Dallapiccola, entre otros.<\/p>\n<p>Form\u00f3 d\u00fao con Alicia de Larrocha y dieron conciertos en Espa\u00f1a y Europa a finales de los a\u00f1os 50. Form\u00f3 parte del profesorado de m\u00fasica en Compostela y en la\u00a0Acad\u00e8mia Musicale Chigiana\u00a0de Siena. Toc\u00f3 con grandes m\u00fasicos del Siglo XX como Oistrakh, Rostropovich y Menuhin. Fue jurado en mucho concursos internacionales. Radu Aldulexcu, Mar\u00e7al Cervera, El\u00edas Arizcuren destacan como alumnos de Cassad\u00f3. Como compositor escribi\u00f3 una gran cantidad de transcripciones para chelo y piano, m\u00fasica de c\u00e1mara y varias piezas para piano solo.<\/p>\n<p>Se cas\u00f3 con la pianista japonesa Chieko Hara. Muri\u00f3 en Madrid el 24 de diciembre 1966.<\/p>\n<p>[\/et_pb_tab][et_pb_tab _builder_version=\u00bb3.9&#8243; use_background_color_gradient=\u00bboff\u00bb background_color_gradient_start=\u00bb#2b87da\u00bb background_color_gradient_end=\u00bb#29c4a9&#8243; background_color_gradient_type=\u00bblinear\u00bb background_color_gradient_direction=\u00bb180deg\u00bb background_color_gradient_direction_radial=\u00bbcenter\u00bb background_color_gradient_start_position=\u00bb0%\u00bb background_color_gradient_end_position=\u00bb100%\u00bb background_color_gradient_overlays_image=\u00bboff\u00bb parallax=\u00bboff\u00bb parallax_method=\u00bbon\u00bb background_size=\u00bbcover\u00bb background_position=\u00bbcenter\u00bb background_repeat=\u00bbno-repeat\u00bb background_blend=\u00bbnormal\u00bb allow_player_pause=\u00bboff\u00bb background_video_pause_outside_viewport=\u00bbon\u00bb tab_text_shadow_style=\u00bbnone\u00bb body_text_shadow_style=\u00bbnone\u00bb title=\u00bbObras\u00bb tab_text_shadow_horizontal_length=\u00bb0em\u00bb tab_text_shadow_vertical_length=\u00bb0em\u00bb tab_text_shadow_blur_strength=\u00bb0em\u00bb body_text_align=\u00bbjustify\u00bb body_text_shadow_horizontal_length=\u00bb0em\u00bb body_text_shadow_vertical_length=\u00bb0em\u00bb body_text_shadow_blur_strength=\u00bb0em\u00bb]<\/p>\n<h2>Violoncelo y piano<\/h2>\n<table border=\"1\" cellspacing=\"1\" cellpadding=\"1\">\n<thead>\n<tr>\n<th scope=\"col\" bgcolor=\"#CCCCCC\">A\u00f1o<\/th>\n<th scope=\"col\" bgcolor=\"#CCCCCC\">T\u00edtulo<\/th>\n<th scope=\"col\" bgcolor=\"#CCCCCC\">Editor<\/th>\n<\/tr>\n<\/thead>\n<tbody>\n<tr>\n<td>1925<\/td>\n<td>La pendule, la fileuse et le galant<\/td>\n<td>Universal<\/td>\n<\/tr>\n<tr>\n<td>1925<\/td>\n<td>Sonata nello stile spagnuolo<\/td>\n<td>Universal<\/td>\n<\/tr>\n<tr>\n<td>1925<\/td>\n<td>S\u00e9r\u00e9nade<\/td>\n<td>Universal<\/td>\n<\/tr>\n<tr>\n<td>1936<\/td>\n<td>Danse du diable vert<\/td>\n<td>Universal<\/td>\n<\/tr>\n<tr>\n<td>1931<\/td>\n<td>Lamente de Boabdil<\/td>\n<td>Schotts<\/td>\n<\/tr>\n<tr>\n<td>1931<\/td>\n<td>Los requiebros<\/td>\n<td>Schotts<\/td>\n<\/tr>\n<tr>\n<td>1935<\/td>\n<td>Partita<\/td>\n<td>Schotts<\/td>\n<\/tr>\n<tr>\n<td>\u2013<\/td>\n<td>Sonata en la menor<\/td>\n<td>Mathot<\/td>\n<\/tr>\n<\/tbody>\n<\/table>\n<h2>Transcripciones para piano y violoncelo<\/h2>\n<table border=\"1\" cellspacing=\"1\" cellpadding=\"1\">\n<thead>\n<tr>\n<th scope=\"col\" bgcolor=\"#CCCCCC\">A\u00f1o<\/th>\n<th scope=\"col\" bgcolor=\"#CCCCCC\">T\u00edtulo<\/th>\n<th scope=\"col\" bgcolor=\"#CCCCCC\">Editor<\/th>\n<\/tr>\n<\/thead>\n<tbody>\n<tr>\n<td>\u2013<\/td>\n<td>Celebre Serenade Espagnole, Alb\u00e9niz<\/td>\n<td>Union Musicale Franco Espagnola<\/td>\n<\/tr>\n<tr>\n<td>\u2013<\/td>\n<td>Estudio, Berteau<\/td>\n<td>Universal<\/td>\n<\/tr>\n<tr>\n<td>\u2013<\/td>\n<td>Minuet, Boccherini<\/td>\n<td>Universal<\/td>\n<\/tr>\n<tr>\n<td>\u2013<\/td>\n<td>Serenata spagnola, Borodin<\/td>\n<td>Schotts<\/td>\n<\/tr>\n<tr>\n<td>\u2013<\/td>\n<td>Prima Carezza, Crescenzo<\/td>\n<td>International music compA\u00f1o<\/td>\n<\/tr>\n<tr>\n<td>\u2013<\/td>\n<td>Pastorale, Couperin<\/td>\n<td>Universal<\/td>\n<\/tr>\n<tr>\n<td>\u2013<\/td>\n<td>Indian song, Dvorak<\/td>\n<td>International music compA\u00f1o<\/td>\n<\/tr>\n<tr>\n<td>\u2013<\/td>\n<td>Sonata, Faichild<\/td>\n<td>Durand<\/td>\n<\/tr>\n<tr>\n<td>\u2013<\/td>\n<td>Nocturn No. 4 Op 35, Faur\u00e9<\/td>\n<td>Hamelle<\/td>\n<\/tr>\n<tr>\n<td>\u2013<\/td>\n<td>Toccata, Frescobaldi<\/td>\n<td>Universal<\/td>\n<\/tr>\n<tr>\n<td>\u2013<\/td>\n<td>Intermezzo, Granados<\/td>\n<td>UME<\/td>\n<\/tr>\n<tr>\n<td>\u2013<\/td>\n<td>Canzone e pastorella, E. Halfter<\/td>\n<td>Schotts<\/td>\n<\/tr>\n<tr>\n<td>\u2013<\/td>\n<td>Tonadilla, Laserna<\/td>\n<td>Schotts<\/td>\n<\/tr>\n<tr>\n<td>\u2013<\/td>\n<td>Liberstraum, Liszt<\/td>\n<td>International music compA\u00f1o<\/td>\n<\/tr>\n<tr>\n<td>\u2013<\/td>\n<td>Chanson et danse, Mompou<\/td>\n<td>Union Musicale Franco Espagnola<\/td>\n<\/tr>\n<tr>\n<td>\u2013<\/td>\n<td>Fandanguillo, Moreno Torroba<\/td>\n<td>International music compA\u00f1o<\/td>\n<\/tr>\n<tr>\n<td>\u2013<\/td>\n<td>Sonata K358, Mozart<\/td>\n<td>Schotts<\/td>\n<\/tr>\n<tr>\n<td>\u2013<\/td>\n<td>Serenata de Don Giovanni, Mozart<\/td>\n<td>\u2013<\/td>\n<\/tr>\n<tr>\n<td>\u2013<\/td>\n<td>Arioso, Muffat<\/td>\n<td>Universal<\/td>\n<\/tr>\n<tr>\n<td>\u2013<\/td>\n<td>Minuet, Paderewski<\/td>\n<td>Bote &amp; Bock<\/td>\n<\/tr>\n<tr>\n<td>\u2013<\/td>\n<td>Estrellita, Ponce<\/td>\n<td>International music compA\u00f1o<\/td>\n<\/tr>\n<tr>\n<td>\u2013<\/td>\n<td>Allegretto grazioso, Schubert<\/td>\n<td>Universal<\/td>\n<\/tr>\n<\/tbody>\n<\/table>\n<h2>Violoncelo solo<\/h2>\n<table border=\"1\" cellspacing=\"1\" cellpadding=\"1\">\n<thead>\n<tr>\n<th scope=\"col\" bgcolor=\"#CCCCCC\">A\u00f1o<\/th>\n<th scope=\"col\" bgcolor=\"#CCCCCC\">T\u00edtulo<\/th>\n<th scope=\"col\" bgcolor=\"#CCCCCC\">Editor<\/th>\n<\/tr>\n<\/thead>\n<tbody>\n<tr>\n<td>1926<\/td>\n<td>Suite<\/td>\n<td>Schotts<\/td>\n<\/tr>\n<\/tbody>\n<\/table>\n<h2>Transcripciones para violoncelo solo<\/h2>\n<table border=\"1\" cellspacing=\"1\" cellpadding=\"1\">\n<thead>\n<tr>\n<th scope=\"col\" bgcolor=\"#CCCCCC\">A\u00f1o<\/th>\n<th scope=\"col\" bgcolor=\"#CCCCCC\">T\u00edtulo<\/th>\n<th scope=\"col\" bgcolor=\"#CCCCCC\">Editor<\/th>\n<\/tr>\n<\/thead>\n<tbody>\n<tr>\n<td>\u2013<\/td>\n<td>Fugue, Handel<\/td>\n<td>International music compA\u00f1o<\/td>\n<\/tr>\n<tr>\n<td>\u2013<\/td>\n<td>Etude, Chopin<\/td>\n<td>International music compA\u00f1o<\/td>\n<\/tr>\n<\/tbody>\n<\/table>\n<h2>Violoncelo y orquesta<\/h2>\n<table border=\"1\" cellspacing=\"1\" cellpadding=\"1\">\n<thead>\n<tr>\n<th scope=\"col\" bgcolor=\"#CCCCCC\">A\u00f1o<\/th>\n<th scope=\"col\" bgcolor=\"#CCCCCC\">T\u00edtulo<\/th>\n<th scope=\"col\" bgcolor=\"#CCCCCC\">Editor<\/th>\n<\/tr>\n<\/thead>\n<tbody>\n<tr>\n<td>\u2013<\/td>\n<td>Concert en d minor<\/td>\n<td>Schotts<\/td>\n<\/tr>\n<tr>\n<td>\u2013<\/td>\n<td>Portuguese Nocturnes<\/td>\n<td>manuscript<\/td>\n<\/tr>\n<\/tbody>\n<\/table>\n<h2>Transcripciones para violoncelo y orquesta<\/h2>\n<table border=\"1\" cellspacing=\"1\" cellpadding=\"1\">\n<thead>\n<tr>\n<th scope=\"col\" bgcolor=\"#CCCCCC\">A\u00f1o<\/th>\n<th scope=\"col\" bgcolor=\"#CCCCCC\">T\u00edtulo<\/th>\n<th scope=\"col\" bgcolor=\"#CCCCCC\">Editor<\/th>\n<\/tr>\n<\/thead>\n<tbody>\n<tr>\n<td>\u2013<\/td>\n<td>Arpeggione, Schubert<\/td>\n<td>\u2013<\/td>\n<\/tr>\n<tr>\n<td>\u2013<\/td>\n<td>Concert Op 72, Tchaikovsky<\/td>\n<td>\u2013<\/td>\n<\/tr>\n<tr>\n<td>\u2013<\/td>\n<td>Concert in D major, Weber<\/td>\n<td>\u2013<\/td>\n<\/tr>\n<\/tbody>\n<\/table>\n<h2>M\u00fasica de c\u00e1mara<\/h2>\n<table border=\"1\" cellspacing=\"1\" cellpadding=\"1\">\n<thead>\n<tr>\n<th scope=\"col\" bgcolor=\"#CCCCCC\">A\u00f1o<\/th>\n<th scope=\"col\" bgcolor=\"#CCCCCC\">T\u00edtulo<\/th>\n<th scope=\"col\" bgcolor=\"#CCCCCC\">Editor<\/th>\n<\/tr>\n<\/thead>\n<tbody>\n<tr>\n<td>\u2013<\/td>\n<td>Sonata for piano and violin in D minor<\/td>\n<td>Universal<\/td>\n<\/tr>\n<tr>\n<td>\u2013<\/td>\n<td>Trio for violin, cello and piano<\/td>\n<td>Universal<\/td>\n<\/tr>\n<tr>\n<td>\u2013<\/td>\n<td>Quartet in f minor<\/td>\n<td>Schotts<\/td>\n<\/tr>\n<tr>\n<td>\u2013<\/td>\n<td>Quartets 2 and 3 in<\/td>\n<td>manuscript<\/td>\n<\/tr>\n<\/tbody>\n<\/table>\n<h2>Piano<\/h2>\n<table border=\"1\" cellspacing=\"1\" cellpadding=\"1\">\n<thead>\n<tr>\n<th scope=\"col\" bgcolor=\"#CCCCCC\">A\u00f1o<\/th>\n<th scope=\"col\" bgcolor=\"#CCCCCC\">T\u00edtulo<\/th>\n<th scope=\"col\" bgcolor=\"#CCCCCC\">Editor<\/th>\n<\/tr>\n<\/thead>\n<tbody>\n<tr>\n<td>1931<\/td>\n<td>Sonata breve<\/td>\n<td>Schotts<\/td>\n<\/tr>\n<tr>\n<td>\u2013<\/td>\n<td>Quatre pieces espagnoles<\/td>\n<td>Salabert<\/td>\n<\/tr>\n<tr>\n<td>\u2013<\/td>\n<td>Variacions concertants piano and orchestra<\/td>\n<td>manuscript<\/td>\n<\/tr>\n<\/tbody>\n<\/table>\n<p>[\/et_pb_tab][\/et_pb_tabs][\/et_pb_column][\/et_pb_row][\/et_pb_section]<\/p>\n","protected":false},"excerpt":{"rendered":"<div class=\"et_pb_row et_pb_row_0 et_pb_row_empty\"><\/div>\n<p> Gaspar Cassad\u00f3 naci\u00f3 el 30 de septiembre de 1897 en Barcelona, y fue en esta ciudad donde empez\u00f3 sus estudios musicales a los 5 a\u00f1os. En 1907 se traslad\u00f3 a Par\u00eds con su padre, el m\u00fasico Joaquim Cassad\u00f3. En Par\u00eds conoci\u00f3 y estudi\u00f3 con Pau Casals y trabaj\u00f3 armon\u00eda con Ravel y Falla. Su [&hellip;]<\/p>\n","protected":false},"author":1,"featured_media":0,"parent":41,"menu_order":2,"comment_status":"closed","ping_status":"closed","template":"","meta":{"_et_pb_use_builder":"on","_et_pb_old_content":"","_et_gb_content_width":"","pgc_sgb_lightbox_settings":""},"aioseo_notices":[],"_links":{"self":[{"href":"https:\/\/www.macmcclure.com\/en\/wp-json\/wp\/v2\/pages\/66"}],"collection":[{"href":"https:\/\/www.macmcclure.com\/en\/wp-json\/wp\/v2\/pages"}],"about":[{"href":"https:\/\/www.macmcclure.com\/en\/wp-json\/wp\/v2\/types\/page"}],"author":[{"embeddable":true,"href":"https:\/\/www.macmcclure.com\/en\/wp-json\/wp\/v2\/users\/1"}],"replies":[{"embeddable":true,"href":"https:\/\/www.macmcclure.com\/en\/wp-json\/wp\/v2\/comments?post=66"}],"version-history":[{"count":0,"href":"https:\/\/www.macmcclure.com\/en\/wp-json\/wp\/v2\/pages\/66\/revisions"}],"up":[{"embeddable":true,"href":"https:\/\/www.macmcclure.com\/en\/wp-json\/wp\/v2\/pages\/41"}],"wp:attachment":[{"href":"https:\/\/www.macmcclure.com\/en\/wp-json\/wp\/v2\/media?parent=66"}],"curies":[{"name":"wp","href":"https:\/\/api.w.org\/{rel}","templated":true}]}}