{"id":5224,"date":"2023-03-12T15:30:16","date_gmt":"2023-03-12T20:30:16","guid":{"rendered":"https:\/\/www.macmcclure.com\/?page_id=5224"},"modified":"2023-03-12T16:03:12","modified_gmt":"2023-03-12T21:03:12","slug":"borrador-automatico","status":"publish","type":"page","link":"https:\/\/www.macmcclure.com\/en\/borrador-automatico\/","title":{"rendered":"Borrador autom\u00e1tico"},"content":{"rendered":"<p>[et_pb_section fb_built=\u00bb1&#8243; _builder_version=\u00bb4.18.0&#8243; _module_preset=\u00bbdefault\u00bb global_colors_info=\u00bb{}\u00bb][et_pb_row _builder_version=\u00bb4.18.0&#8243; _module_preset=\u00bbdefault\u00bb global_colors_info=\u00bb{}\u00bb][et_pb_column type=\u00bb4_4&#8243; _builder_version=\u00bb4.18.0&#8243; _module_preset=\u00bbdefault\u00bb global_colors_info=\u00bb{}\u00bb][et_pb_text _builder_version=\u00bb4.18.0&#8243; _module_preset=\u00bbdefault\u00bb global_colors_info=\u00bb{}\u00bb]<\/p>\n<p>\u00a0Rese\u00f1a por Revista Musical Catalana<\/p>\n<p><em>Mac McClure\u2019s CD \u201cBach, Haydn, Mozart\u201d,<\/em> 2021, publicado por Edicions Albert Moraleda<\/p>\n<p>&nbsp;<\/p>\n<p>El pianista Mac McClure, quien es actualmente profesor y director de la maestr\u00eda de estudios de piano en la Universidad Nacional de Bogot\u00e1, es un artista estrechamente vinculado a nuestro panorama musical. Sus estudios en la Academia Marshall, donde fue disc\u00edpulo de Al\u00edcia de Larrocha y Carlota Garriga, lo vinculan estrechamente con Xavier Montsalvatge y las decenas de grabaciones que ha dedicado a Alb\u00e9niz, Mompou, Nin, Toldr\u00e0 y Granados. Por supuesto, en Montsalvatge y su compromiso absoluto con la difusi\u00f3n de nuestro patrimonio musical, le convierten en un referente y un ejemplo a la hora de referirnos a su relaci\u00f3n con nuestro repertorio, una relaci\u00f3n que el pianista norteamericano siempre ha mantenido. Junto con las \u00faltimas grabaciones dedicadas a Toldr\u00e0 y Turull, Mac McClure \u2013quien en una conversaci\u00f3n privada nos comentaba que precisamente fue el c\u00e9lebre violinista quien le motiv\u00f3 a hablar en catal\u00e1n\u2013 nunca ha dejado de profundizar en obras de otros repertorios. El pianista, que tambi\u00e9n es especialista en la m\u00fasica vocal francesa, hace ahora una mirada a las obras del Barroco y del Clasicismo acerc\u00e1ndose a la m\u00fasica de Bach, Haydn y Mozart.<\/p>\n<p>Escuchar la Suite francesa, BWV 813 y los preludios y fugas en Sol y Re mayor del primer libro del <em>clave bien templado<\/em> nos permitir\u00e1n escuchar una interpretaci\u00f3n de Bach contada desde la naturalidad expresiva. Mac McClure no emplea el pedal con desmesura, siempre busca un equilibrio sonoro y narrativo en el que el discurso bachiano avanza sin sobresaltos. Un Bach moderado en la elecci\u00f3n de tempo, controlado en la pulsaci\u00f3n \u2013condici\u00f3n, no otra de la Escuela Marshall\u2013 y que en la suite de danzas (de la que sobresale la belleza confeccionada en la \u201cSarabanda\u201d y la belleza ornamental con que reviste la \u201cCourante\u201d) alcanza esa dimensi\u00f3n de belleza reflexiva inherente a la m\u00fasica de Bach. La claridad de las voces de las fugas, el control en los preludios \u2013sin caer nunca en excesos de din\u00e1micas\u2013 hacen que por encima de todo su Bach sea un modelo de control. Si a\u00f1os atr\u00e1s dedic\u00f3 un disco a transcripciones de Bach (con versiones elegant\u00edsimas de distintos corales adaptados por Busoni), en estas obras escogidas, menos densas en la armon\u00eda, manifiesta un sentido expresivo basado en la claridad.<\/p>\n<p>La proporci\u00f3n cl\u00e1sica, la medida y el control nos acercan a las Sonatas de Haydn, la n\u00famero 32 en Si menor y la n\u00famero 24 en Re mayor. Interpretaci\u00f3n fluida, m\u00fasica expresada con luminosidad, con refinado gusto expresivo, con claridad y que nos traslada a unas Sonatas que injusta e incomprensiblemente no figuran constantemente en los programas de los grandes recitales pian\u00edsticos.<\/p>\n<p>&nbsp;<\/p>\n<p>Estas dos tonalidades son las escogidas para las obras de Mozart que cierran la grabaci\u00f3n. Dos obras diametralmente opuestas en expresi\u00f3n y sentimientos musicales como son el Adagio en Si menor y el Rond\u00f3 en Re mayor; un Mozart introspectivo, misterioso, nost\u00e1lgico, una de las p\u00e1ginas m\u00e1s impresionantes de su cat\u00e1logo pian\u00edstico, y, por otra parte, la luminosidad que nos transporta a la naturalidad de personajes oper\u00edsticos de <em>Le nozze di Figaro<\/em>\u00a0 o La Flauta M\u00e1gica, respectivamente.<\/p>\n<p>&nbsp;<\/p>\n<p>Mac McClure ha sabido trasladarnos a estos dos mundos diametralmente opuestos con una interpretaci\u00f3n que ofrece los secretos de ambas obras emblem\u00e1ticas con un trabajo pian\u00edstico de gran elegancia interpretativa.<\/p>\n<p>&nbsp;<\/p>\n<p>Original en catal\u00e1n<\/p>\n<blockquote>\n<p><a href=\"http:\/\/www.revistamusical.cat\/critica\/mac-mcclure-interpreta-bach-haydn-i-mozart\/\">http:\/\/www.revistamusical.cat\/critica\/mac-mcclure-interpreta-bach-haydn-i-mozart\/<\/a><\/p>\n<\/blockquote>\n<p>[\/et_pb_text][\/et_pb_column][\/et_pb_row][\/et_pb_section]<\/p>\n","protected":false},"excerpt":{"rendered":"<p>\u00a0Rese\u00f1a por Revista Musical Catalana Mac McClure\u2019s CD \u201cBach, Haydn, Mozart\u201d, 2021, publicado por Edicions Albert Moraleda &nbsp; El pianista Mac McClure, quien es actualmente profesor y director de la maestr\u00eda de estudios de piano en la Universidad Nacional de Bogot\u00e1, es un artista estrechamente vinculado a nuestro panorama musical. Sus estudios en la Academia [&hellip;]<\/p>\n","protected":false},"author":1,"featured_media":0,"parent":0,"menu_order":0,"comment_status":"closed","ping_status":"closed","template":"","meta":{"_et_pb_use_builder":"on","_et_pb_old_content":"","_et_gb_content_width":"","pgc_sgb_lightbox_settings":""},"aioseo_notices":[],"_links":{"self":[{"href":"https:\/\/www.macmcclure.com\/en\/wp-json\/wp\/v2\/pages\/5224"}],"collection":[{"href":"https:\/\/www.macmcclure.com\/en\/wp-json\/wp\/v2\/pages"}],"about":[{"href":"https:\/\/www.macmcclure.com\/en\/wp-json\/wp\/v2\/types\/page"}],"author":[{"embeddable":true,"href":"https:\/\/www.macmcclure.com\/en\/wp-json\/wp\/v2\/users\/1"}],"replies":[{"embeddable":true,"href":"https:\/\/www.macmcclure.com\/en\/wp-json\/wp\/v2\/comments?post=5224"}],"version-history":[{"count":4,"href":"https:\/\/www.macmcclure.com\/en\/wp-json\/wp\/v2\/pages\/5224\/revisions"}],"predecessor-version":[{"id":5241,"href":"https:\/\/www.macmcclure.com\/en\/wp-json\/wp\/v2\/pages\/5224\/revisions\/5241"}],"wp:attachment":[{"href":"https:\/\/www.macmcclure.com\/en\/wp-json\/wp\/v2\/media?parent=5224"}],"curies":[{"name":"wp","href":"https:\/\/api.w.org\/{rel}","templated":true}]}}