{"id":5037,"date":"2022-11-07T21:50:16","date_gmt":"2022-11-08T02:50:16","guid":{"rendered":"https:\/\/www.macmcclure.com\/?page_id=5037"},"modified":"2022-11-09T13:57:43","modified_gmt":"2022-11-09T18:57:43","slug":"5037-2","status":"publish","type":"page","link":"https:\/\/www.macmcclure.com\/en\/5037-2\/","title":{"rendered":""},"content":{"rendered":"[et_pb_section admin_label=\u00bbsection\u00bb]\n\t\t\t[et_pb_row admin_label=\u00bbrow\u00bb]\n\t\t\t\t[et_pb_column type=\u00bb4_4&#8243;][et_pb_text admin_label=\u00bbText\u00bb]\n<div class=\"is-layout-flex wp-container-5 wp-block-columns\">\n<div class=\"is-layout-flow wp-block-column\">\n<figure class=\"wp-block-image size-full\"><img decoding=\"async\" loading=\"lazy\" width=\"584\" height=\"570\" src=\"https:\/\/www.macmcclure.com\/wp-content\/uploads\/2022\/11\/Imagen4-1.png\" alt=\"\" class=\"wp-image-5038\" srcset=\"https:\/\/www.macmcclure.com\/wp-content\/uploads\/2022\/11\/Imagen4-1.png 584w, https:\/\/www.macmcclure.com\/wp-content\/uploads\/2022\/11\/Imagen4-1-480x468.png 480w\" sizes=\"(min-width: 0px) and (max-width: 480px) 480px, (min-width: 481px) 584px, 100vw\" \/><\/figure>\n\n\n\n<p>LISTEN<\/p>\n\n\n\n<p><a href=\"https:\/\/www.spotify.com\/\">https:\/\/www.spotify.com\/<\/a><\/p>\n\n\n\n<p><a href=\"https:\/\/www.itunes.com\/\">https:\/\/www.itunes.com\/<\/a><\/p>\n<\/div>\n\n\n\n<div class=\"is-layout-flow wp-block-column\">\n<div class=\"is-layout-flex wp-container-3 wp-block-columns\">\n<div class=\"is-layout-flow wp-block-column has-white-color has-black-background-color has-text-color has-background\">\n<p class=\"has-text-align-center\">Album tracks<\/p>\n\n\n\n<p class=\"has-text-align-center\">Jard\u00edn Venenoso<\/p>\n\n\n\n<p class=\"has-text-align-center\">Descanso en San Nicolas<\/p>\n\n\n\n<p class=\"has-text-align-center\">Tinieblas en el Convento<\/p>\n\n\n\n<p class=\"has-text-align-center\">Nana del amor perdido<\/p>\n\n\n\n<p class=\"has-text-align-center\">Noche estrellada mirando a Gibraltar<\/p>\n\n\n\n<p class=\"has-text-align-center\">Yo sab\u00eda un cantar Moro<\/p>\n\n\n\n<p class=\"has-text-align-center\">C\u00e1diz se ha echado a navegar<\/p>\n\n\n\n<p class=\"has-text-align-center\">Ma\u00f1ana de abril<\/p>\n<\/div>\n<\/div>\n<\/div>\n<\/div>\n[\/et_pb_text][\/et_pb_column]\n\t\t\t[\/et_pb_row]\n\t\t[\/et_pb_section]","protected":false},"excerpt":{"rendered":"<p>LISTEN https:\/\/www.spotify.com\/ https:\/\/www.itunes.com\/ Album tracks Jard\u00edn Venenoso Descanso en San Nicolas Tinieblas en el Convento Nana del amor perdido Noche estrellada mirando a Gibraltar Yo sab\u00eda un cantar Moro C\u00e1diz se ha echado a navegar Ma\u00f1ana de abril<\/p>","protected":false},"author":1,"featured_media":0,"parent":0,"menu_order":0,"comment_status":"closed","ping_status":"closed","template":"","meta":{"_et_pb_use_builder":"on","_et_pb_old_content":"<!-- wp:columns -->\n<div class=\"wp-block-columns\"><!-- wp:column -->\n<div class=\"wp-block-column\"><!-- wp:image {\"id\":5038,\"sizeSlug\":\"full\",\"linkDestination\":\"none\"} -->\n<figure class=\"wp-block-image size-full\"><img src=\"https:\/\/www.macmcclure.com\/wp-content\/uploads\/2022\/11\/Imagen4-1.png\" alt=\"\" class=\"wp-image-5038\"\/><\/figure>\n<!-- \/wp:image -->\n\n<!-- wp:paragraph -->\n<p>LISTEN<\/p>\n<!-- \/wp:paragraph -->\n\n<!-- wp:paragraph -->\n<p><a href=\"https:\/\/www.spotify.com\/\">https:\/\/www.spotify.com\/<\/a><\/p>\n<!-- \/wp:paragraph -->\n\n<!-- wp:paragraph -->\n<p><a href=\"https:\/\/www.itunes.com\/\">https:\/\/www.itunes.com\/<\/a><\/p>\n<!-- \/wp:paragraph --><\/div>\n<!-- \/wp:column -->\n\n<!-- wp:column -->\n<div class=\"wp-block-column\"><!-- wp:columns -->\n<div class=\"wp-block-columns\"><!-- wp:column {\"backgroundColor\":\"black\",\"textColor\":\"white\"} -->\n<div class=\"wp-block-column has-white-color has-black-background-color has-text-color has-background\"><!-- wp:paragraph {\"align\":\"center\"} -->\n<p class=\"has-text-align-center\">Album tracks<\/p>\n<!-- \/wp:paragraph -->\n\n<!-- wp:paragraph {\"align\":\"center\"} -->\n<p class=\"has-text-align-center\">Jard\u00edn Venenoso<\/p>\n<!-- \/wp:paragraph -->\n\n<!-- wp:paragraph {\"align\":\"center\"} -->\n<p class=\"has-text-align-center\">Descanso en San Nicolas<\/p>\n<!-- \/wp:paragraph -->\n\n<!-- wp:paragraph {\"align\":\"center\"} -->\n<p class=\"has-text-align-center\">Tinieblas en el Convento<\/p>\n<!-- \/wp:paragraph -->\n\n<!-- wp:paragraph {\"align\":\"center\"} -->\n<p class=\"has-text-align-center\">Nana del amor perdido<\/p>\n<!-- \/wp:paragraph -->\n\n<!-- wp:paragraph {\"align\":\"center\"} -->\n<p class=\"has-text-align-center\">Noche estrellada mirando a Gibraltar<\/p>\n<!-- \/wp:paragraph -->\n\n<!-- wp:paragraph {\"align\":\"center\"} -->\n<p class=\"has-text-align-center\">Yo sab\u00eda un cantar Moro<\/p>\n<!-- \/wp:paragraph -->\n\n<!-- wp:paragraph {\"align\":\"center\"} -->\n<p class=\"has-text-align-center\">C\u00e1diz se ha echado a navegar<\/p>\n<!-- \/wp:paragraph -->\n\n<!-- wp:paragraph {\"align\":\"center\"} -->\n<p class=\"has-text-align-center\">Ma\u00f1ana de abril<\/p>\n<!-- \/wp:paragraph --><\/div>\n<!-- \/wp:column --><\/div>\n<!-- \/wp:columns --><\/div>\n<!-- \/wp:column --><\/div>\n<!-- \/wp:columns -->","_et_gb_content_width":"","pgc_sgb_lightbox_settings":""},"aioseo_notices":[],"_links":{"self":[{"href":"https:\/\/www.macmcclure.com\/en\/wp-json\/wp\/v2\/pages\/5037"}],"collection":[{"href":"https:\/\/www.macmcclure.com\/en\/wp-json\/wp\/v2\/pages"}],"about":[{"href":"https:\/\/www.macmcclure.com\/en\/wp-json\/wp\/v2\/types\/page"}],"author":[{"embeddable":true,"href":"https:\/\/www.macmcclure.com\/en\/wp-json\/wp\/v2\/users\/1"}],"replies":[{"embeddable":true,"href":"https:\/\/www.macmcclure.com\/en\/wp-json\/wp\/v2\/comments?post=5037"}],"version-history":[{"count":2,"href":"https:\/\/www.macmcclure.com\/en\/wp-json\/wp\/v2\/pages\/5037\/revisions"}],"predecessor-version":[{"id":5047,"href":"https:\/\/www.macmcclure.com\/en\/wp-json\/wp\/v2\/pages\/5037\/revisions\/5047"}],"wp:attachment":[{"href":"https:\/\/www.macmcclure.com\/en\/wp-json\/wp\/v2\/media?parent=5037"}],"curies":[{"name":"wp","href":"https:\/\/api.w.org\/{rel}","templated":true}]}}