{"id":4657,"date":"2022-09-04T22:40:47","date_gmt":"2022-09-05T03:40:47","guid":{"rendered":"https:\/\/www.macmcclure.com\/?page_id=4657"},"modified":"2022-09-21T11:57:05","modified_gmt":"2022-09-21T16:57:05","slug":"serenade-juan-carlos-higuita-and-mac-mcclure","status":"publish","type":"page","link":"https:\/\/www.macmcclure.com\/en\/serenade-juan-carlos-higuita-and-mac-mcclure\/","title":{"rendered":"Serenade, Juan Carlos Higuita and Mac McClure"},"content":{"rendered":"<div class=\"is-layout-flex wp-container-3 wp-block-columns\">\n<div class=\"is-layout-flow wp-block-column\">\n<figure class=\"wp-block-image size-full\"><img decoding=\"async\" loading=\"lazy\" width=\"800\" height=\"800\" src=\"https:\/\/www.macmcclure.com\/wp-content\/uploads\/2022\/09\/CD_propuesta_cover-1.png\" alt=\"\" class=\"wp-image-4658\" srcset=\"https:\/\/www.macmcclure.com\/wp-content\/uploads\/2022\/09\/CD_propuesta_cover-1.png 800w, https:\/\/www.macmcclure.com\/wp-content\/uploads\/2022\/09\/CD_propuesta_cover-1-480x480.png 480w\" sizes=\"(min-width: 0px) and (max-width: 480px) 480px, (min-width: 481px) 800px, 100vw\" \/><\/figure>\n\n\n\n<p>LISTEN<\/p>\n\n\n\n<p><a href=\"https:\/\/www.spotify.com\/\" target=\"_blank\" rel=\"noopener\">https:\/\/www.spotify.com\/<\/a><\/p>\n\n\n\n<p><a href=\"https:\/\/music.youtube.com\" target=\"_blank\" rel=\"noopener\">https:\/\/music.youtube.com<\/a><\/p>\n\n\n\n<p><a href=\"https:\/\/www.deezer.com\/\" target=\"_blank\" rel=\"noopener\">https:\/\/www.deezer.com\/<\/a><\/p>\n<\/div>\n\n\n\n<div class=\"is-layout-flow wp-block-column has-white-color has-black-background-color has-text-color has-background\">\n<p class=\"has-text-align-center\">Album Tracks <\/p>\n\n\n\n<p class=\"has-text-align-center\">Serenata, Enric Morera<\/p>\n\n\n\n<p class=\"has-text-align-center\">Amorosa, Enric Morera<\/p>\n\n\n\n<p class=\"has-text-align-center\">Can\u00e7\u00f3, Enric Morera<\/p>\n\n\n\n<p class=\"has-text-align-center\">Oriental, Enric Morera<\/p>\n\n\n\n<p class=\"has-text-align-center\">Serenade, Gaspar Cassad\u00f3<\/p>\n\n\n\n<p class=\"has-text-align-center\">Serenade Espagnole, Isaac Albeniz<\/p>\n\n\n\n<p class=\"has-text-align-center\">Mallorca, Isaac Albeniz <\/p>\n\n\n\n<p class=\"has-text-align-center\">Sonata Op. 51, Lento, Allegro molto, Joaqu\u00edn Turina<\/p>\n\n\n\n<p class=\"has-text-align-center\">Sonata Op. 51, Aria Lento, Joaqu\u00edn Turina <\/p>\n\n\n\n<p class=\"has-text-align-center\">Sonata Op. 51, Rondeau Allegretto, Joaqu\u00edn Turina<\/p>\n\n\n\n<p class=\"has-text-align-center\">Eleg\u00eda, Mompou \/ Turull<\/p>\n\n\n\n<p class=\"has-text-align-center\">Salut d&#8217;amour, Edward Elgar<\/p>\n\n\n\n<p class=\"has-text-align-center\">Romance Op. 1, Edward Elgar<\/p>\n<\/div>\n<\/div>","protected":false},"excerpt":{"rendered":"<p>LISTEN https:\/\/www.spotify.com\/ https:\/\/music.youtube.com https:\/\/www.deezer.com\/ Album Tracks Serenata, Enric Morera Amorosa, Enric Morera Can\u00e7\u00f3, Enric Morera Oriental, Enric Morera Serenade, Gaspar Cassad\u00f3 Serenade Espagnole, Isaac Albeniz Mallorca, Isaac Albeniz Sonata Op. 51, Lento, Allegro molto, Joaqu\u00edn Turina Sonata Op. 51, Aria Lento, Joaqu\u00edn Turina Sonata Op. 51, Rondeau Allegretto, Joaqu\u00edn Turina Eleg\u00eda, Mompou \/ Turull Salut [&hellip;]<\/p>\n","protected":false},"author":1,"featured_media":0,"parent":0,"menu_order":0,"comment_status":"closed","ping_status":"closed","template":"","meta":{"_et_pb_use_builder":"","_et_pb_old_content":"","_et_gb_content_width":"","pgc_sgb_lightbox_settings":""},"aioseo_notices":[],"_links":{"self":[{"href":"https:\/\/www.macmcclure.com\/en\/wp-json\/wp\/v2\/pages\/4657"}],"collection":[{"href":"https:\/\/www.macmcclure.com\/en\/wp-json\/wp\/v2\/pages"}],"about":[{"href":"https:\/\/www.macmcclure.com\/en\/wp-json\/wp\/v2\/types\/page"}],"author":[{"embeddable":true,"href":"https:\/\/www.macmcclure.com\/en\/wp-json\/wp\/v2\/users\/1"}],"replies":[{"embeddable":true,"href":"https:\/\/www.macmcclure.com\/en\/wp-json\/wp\/v2\/comments?post=4657"}],"version-history":[{"count":3,"href":"https:\/\/www.macmcclure.com\/en\/wp-json\/wp\/v2\/pages\/4657\/revisions"}],"predecessor-version":[{"id":4684,"href":"https:\/\/www.macmcclure.com\/en\/wp-json\/wp\/v2\/pages\/4657\/revisions\/4684"}],"wp:attachment":[{"href":"https:\/\/www.macmcclure.com\/en\/wp-json\/wp\/v2\/media?parent=4657"}],"curies":[{"name":"wp","href":"https:\/\/api.w.org\/{rel}","templated":true}]}}