{"id":4595,"date":"2022-08-30T22:12:59","date_gmt":"2022-08-31T03:12:59","guid":{"rendered":"https:\/\/www.macmcclure.com\/?page_id=4595"},"modified":"2022-08-30T22:30:26","modified_gmt":"2022-08-31T03:30:26","slug":"carlota-garriga-improvisaciones-en-silencio","status":"publish","type":"page","link":"https:\/\/www.macmcclure.com\/en\/carlota-garriga-improvisaciones-en-silencio\/","title":{"rendered":"Carlota Garriga, Improvisaciones en Silencio"},"content":{"rendered":"<p>[et_pb_section admin_label=\u00bbsection\u00bb]<br>\n\t\t[et_pb_row admin_label=\u00bbrow\u00bb]<br>\n\t\t\t[et_pb_column type=\u00bb4_4&#8243;][et_pb_text admin_label=\u00bbText\u00bb]<\/p>\n\n\n<div class=\"is-layout-flex wp-container-3 wp-block-columns\">\n<div class=\"is-layout-flow wp-block-column\">\n<figure class=\"wp-block-image size-full\"><img decoding=\"async\" loading=\"lazy\" width=\"601\" height=\"599\" src=\"https:\/\/www.macmcclure.com\/wp-content\/uploads\/2022\/08\/IMG-20220118-WA0003-1.jpg\" alt=\"\" class=\"wp-image-4597\" srcset=\"https:\/\/www.macmcclure.com\/wp-content\/uploads\/2022\/08\/IMG-20220118-WA0003-1.jpg 601w, https:\/\/www.macmcclure.com\/wp-content\/uploads\/2022\/08\/IMG-20220118-WA0003-1-480x478.jpg 480w\" sizes=\"(min-width: 0px) and (max-width: 480px) 480px, (min-width: 481px) 601px, 100vw\" \/><figcaption><strong>LISTEN<\/strong><\/figcaption><\/figure>\n\n\n\n<p><a href=\"https:\/\/www.spotify.com\/\" target=\"_blank\" rel=\"noopener\" title=\"\">https:\/\/www.spotify.com\/<\/a><\/p>\n\n\n\n<p class=\"has-vivid-green-cyan-color has-text-color\"><a href=\"https:\/\/music.youtube.com\" target=\"_blank\" rel=\"noopener\">https:\/\/music.youtube.com<\/a><\/p>\n\n\n\n<p class=\"has-vivid-green-cyan-color has-text-color\"><a href=\"https:\/\/www.deezer.com\/\" target=\"_blank\" rel=\"noopener\">https:\/\/www.deezer.com\/<\/a><\/p>\n\n\n\n<p><\/p>\n<\/div>\n\n\n\n<div class=\"is-layout-flow wp-block-column is-vertically-aligned-center has-white-color has-black-background-color has-text-color has-background\">\n<p class=\"has-text-align-center has-medium-font-size\">Album Tracks<\/p>\n\n\n\n<p class=\"has-text-align-center\" style=\"font-size:18px\">1-14. Improvisaciones en Silenci<\/p>\n\n\n\n<p class=\"has-text-align-center\">15. Quatre notes er a Jana <\/p>\n\n\n\n<p class=\"has-text-align-center\">16. Mariagneta<\/p>\n\n\n\n<p class=\"has-text-align-center\">17. Can<em>\u00e7<\/em>\u00f3 del Iladre<\/p>\n\n\n\n<p class=\"has-text-align-center\">18. La filadora<\/p>\n\n\n\n<p class=\"has-text-align-center\">19. Muntanyes del Canig\u00f3<\/p>\n\n\n\n<p class=\"has-text-align-center\">20. El bon ca<em>\u00e7<\/em>ador <\/p>\n\n\n\n<p class=\"has-text-align-center\">21. La Balanguera<\/p>\n\n\n\n<p class=\"has-text-align-center\">22. L emigrant<\/p>\n\n\n\n<p class=\"has-text-align-center\">Tres can<em>\u00e7<\/em>ons del Combat del Somni<\/p>\n\n\n\n<p class=\"has-text-align-center\">(Josep Jan\u00e9s)<\/p>\n\n\n\n<p class=\"has-text-align-center\">23. Ja no ser<em>\u00e0<\/em>s amis me record<\/p>\n\n\n\n<p class=\"has-text-align-center\">24. Les teves nits<\/p>\n\n\n\n<p class=\"has-text-align-center\">25. Voldr\u00eda veure el somni mio<\/p>\n<\/div>\n<\/div>\n\n\n<p>[\/et_pb_text][\/et_pb_column]<br>\n\t\t[\/et_pb_row]<br>\n\t[\/et_pb_section]<\/p>","protected":false},"excerpt":{"rendered":"<p>LISTEN https:\/\/www.spotify.com\/ https:\/\/music.youtube.com https:\/\/www.deezer.com\/ Album Tracks 1-14. Improvisaciones en Silenci 15. Quatre notes er a Jana 16. Mariagneta 17. Can\u00e7\u00f3 del Iladre 18. La filadora 19. Muntanyes del Canig\u00f3 20. El bon ca\u00e7ador 21. La Balanguera 22. L emigrant Tres can\u00e7ons del Combat del Somni (Josep Jan\u00e9s) 23. Ja no ser\u00e0s amis me record 24. [&hellip;]<\/p>\n","protected":false},"author":1,"featured_media":0,"parent":0,"menu_order":0,"comment_status":"closed","ping_status":"closed","template":"","meta":{"_et_pb_use_builder":"on","_et_pb_old_content":"<!-- wp:columns -->\n<div class=\"wp-block-columns\"><!-- wp:column -->\n<div class=\"wp-block-column\"><!-- wp:image {\"id\":4597,\"sizeSlug\":\"full\",\"linkDestination\":\"none\"} -->\n<figure class=\"wp-block-image size-full\"><img src=\"https:\/\/www.macmcclure.com\/wp-content\/uploads\/2022\/08\/IMG-20220118-WA0003-1.jpg\" alt=\"\" class=\"wp-image-4597\"\/><figcaption>LISTEN<\/figcaption><\/figure>\n<!-- \/wp:image -->\n\n<!-- wp:paragraph -->\n<p><a href=\"https:\/\/www.spotify.com\/\" target=\"_blank\" rel=\"noopener\" title=\"\">https:\/\/www.spotify.com\/<\/a><\/p>\n<!-- \/wp:paragraph -->\n\n<!-- wp:paragraph -->\n<p><a href=\"https:\/\/music.youtube.com\" target=\"_blank\" rel=\"noopener\">https:\/\/music.youtube.com<\/a><\/p>\n<!-- \/wp:paragraph -->\n\n<!-- wp:paragraph -->\n<p><a href=\"https:\/\/www.deezer.com\/\" target=\"_blank\" rel=\"noopener\">https:\/\/www.deezer.com\/<\/a><\/p>\n<!-- \/wp:paragraph -->\n\n<!-- wp:paragraph -->\n<p><\/p>\n<!-- \/wp:paragraph --><\/div>\n<!-- \/wp:column -->\n\n<!-- wp:column -->\n<div class=\"wp-block-column\"><!-- wp:paragraph -->\n<p>Tracks<\/p>\n<!-- \/wp:paragraph -->\n\n<!-- wp:paragraph -->\n<p>1-14. Improvisaciones en Silenci<\/p>\n<!-- \/wp:paragraph -->\n\n<!-- wp:paragraph -->\n<p>15. Quatre notes er a Jana <\/p>\n<!-- \/wp:paragraph -->\n\n<!-- wp:paragraph -->\n<p>16. Mariagneta<\/p>\n<!-- \/wp:paragraph -->\n\n<!-- wp:paragraph -->\n<p>17. Can<em>\u00e7<\/em>\u00f3 del Iladre<\/p>\n<!-- \/wp:paragraph -->\n\n<!-- wp:paragraph -->\n<p>18. La filadora<\/p>\n<!-- \/wp:paragraph -->\n\n<!-- wp:paragraph -->\n<p>19. Muntanyes del Canig\u00f3<\/p>\n<!-- \/wp:paragraph -->\n\n<!-- wp:paragraph -->\n<p>20. El bon ca<em>\u00e7<\/em>ador <\/p>\n<!-- \/wp:paragraph -->\n\n<!-- wp:paragraph -->\n<p>21. La Balanguera<\/p>\n<!-- \/wp:paragraph -->\n\n<!-- wp:paragraph -->\n<p>22. L emigrant<\/p>\n<!-- \/wp:paragraph -->\n\n<!-- wp:paragraph -->\n<p>Tres can<em>\u00e7<\/em>ons del Combat del Somni<\/p>\n<!-- \/wp:paragraph -->\n\n<!-- wp:paragraph -->\n<p>(Josep Jan\u00e9s)<\/p>\n<!-- \/wp:paragraph -->\n\n<!-- wp:paragraph -->\n<p>23. Ja no ser<em>\u00e0<\/em>s amis me record<\/p>\n<!-- \/wp:paragraph -->\n\n<!-- wp:paragraph -->\n<p>24. Les teves nits<\/p>\n<!-- \/wp:paragraph -->\n\n<!-- wp:paragraph -->\n<p>25. Voldr\u00eda veure el somni mio<\/p>\n<!-- \/wp:paragraph --><\/div>\n<!-- \/wp:column --><\/div>\n<!-- \/wp:columns -->","_et_gb_content_width":"","pgc_sgb_lightbox_settings":""},"aioseo_notices":[],"_links":{"self":[{"href":"https:\/\/www.macmcclure.com\/en\/wp-json\/wp\/v2\/pages\/4595"}],"collection":[{"href":"https:\/\/www.macmcclure.com\/en\/wp-json\/wp\/v2\/pages"}],"about":[{"href":"https:\/\/www.macmcclure.com\/en\/wp-json\/wp\/v2\/types\/page"}],"author":[{"embeddable":true,"href":"https:\/\/www.macmcclure.com\/en\/wp-json\/wp\/v2\/users\/1"}],"replies":[{"embeddable":true,"href":"https:\/\/www.macmcclure.com\/en\/wp-json\/wp\/v2\/comments?post=4595"}],"version-history":[{"count":3,"href":"https:\/\/www.macmcclure.com\/en\/wp-json\/wp\/v2\/pages\/4595\/revisions"}],"predecessor-version":[{"id":4602,"href":"https:\/\/www.macmcclure.com\/en\/wp-json\/wp\/v2\/pages\/4595\/revisions\/4602"}],"wp:attachment":[{"href":"https:\/\/www.macmcclure.com\/en\/wp-json\/wp\/v2\/media?parent=4595"}],"curies":[{"name":"wp","href":"https:\/\/api.w.org\/{rel}","templated":true}]}}