{"id":41,"date":"2018-06-30T00:57:46","date_gmt":"2018-06-30T05:57:46","guid":{"rendered":"http:\/\/macmcclure.com\/?page_id=896"},"modified":"2022-07-31T20:57:59","modified_gmt":"2022-08-01T01:57:59","slug":"compositores","status":"publish","type":"page","link":"https:\/\/www.macmcclure.com\/en\/compositores\/","title":{"rendered":"Composers"},"content":{"rendered":"<p style=\"font-weight: 400;\">[et_pb_section fb_built=\u00bb1&#8243; fullwidth=\u00bbon\u00bb _builder_version=\u00bb3.22&#8243; background_image=\u00bbhttps:\/\/www.macmcclure.com\/wp-content\/uploads\/copositores.jpg\u00bb custom_padding=\u00bb0px|0px|100px|0px\u00bb animation_style=\u00bbfade\u00bb box_shadow_style=\u00bbpreset6&#8243; box_shadow_blur=\u00bb30px\u00bb box_shadow_spread=\u00bb8px\u00bb box_shadow_color=\u00bbrgba(0,0,0,0.8)\u00bb][et_pb_fullwidth_post_title meta=\u00bboff\u00bb featured_image=\u00bboff\u00bb text_color=\u00bblight\u00bb _builder_version=\u00bb3.9&#8243; title_font=\u00bb||||||||\u00bb title_text_align=\u00bbcenter\u00bb title_font_size=\u00bb40px\u00bb custom_margin_last_edited=\u00bboff|desktop\u00bb title_text_shadow_style=\u00bbpreset1&#8243;][\/et_pb_fullwidth_post_title][\/et_pb_section][et_pb_section fb_built=\u00bb1&#8243; _builder_version=\u00bb3.22&#8243;]<\/p>\n<p>[et_pb_row custom_padding=\u00bb27px|0px|27px|0px\u00bb module_class=\u00bb animated fadeInUp duration2 eds-on-scroll \u00bb _builder_version=\u00bb3.9&#8243; background_size=\u00bbinitial\u00bb background_position=\u00bbtop_left\u00bb background_repeat=\u00bbrepeat\u00bb][et_pb_column type=\u00bb1_4&#8243; _builder_version=\u00bb3.0.47&#8243; parallax=\u00bboff\u00bb parallax_method=\u00bbon\u00bb][et_pb_image src=\u00bbhttp:\/\/macmcclure.com\/wp-content\/uploads\/1-Isaac-Albeniz.png\u00bb url=\u00bbhttp:\/\/macmcclure.com\/compositores\/isaac-albeniz\/\u00bb module_class=\u00bbimgHover\u00bb _builder_version=\u00bb3.9&#8243;][\/et_pb_image][et_pb_text _builder_version=\u00bb3.9&#8243;]<\/p>\n<h4 style=\"text-align: center;\">Isaac Alb\u00e9niz<\/h4>\n<p>[\/et_pb_text][\/et_pb_column][et_pb_column type=\u00bb1_4&#8243; _builder_version=\u00bb3.0.47&#8243; parallax=\u00bboff\u00bb parallax_method=\u00bbon\u00bb][et_pb_image src=\u00bbhttp:\/\/macmcclure.com\/wp-content\/uploads\/1-Moises-Bertran.png\u00bb url=\u00bbhttp:\/\/www.accompositors.com\/compositores-curriculum.php?idComp=12&#8243; url_new_window=\u00bbon\u00bb module_class=\u00bbimgHover\u00bb _builder_version=\u00bb3.9&#8243;][\/et_pb_image][et_pb_text _builder_version=\u00bb3.9&#8243;]<\/p>\n<h4 style=\"text-align: center;\">Mois\u00e8s Bertran Ventejo<\/h4>\n<p>[\/et_pb_text][\/et_pb_column][et_pb_column type=\u00bb1_4&#8243; _builder_version=\u00bb3.0.47&#8243; parallax=\u00bboff\u00bb parallax_method=\u00bbon\u00bb][et_pb_image src=\u00bbhttp:\/\/macmcclure.com\/wp-content\/uploads\/1-Gaspar-Cassado.png\u00bb url=\u00bbhttp:\/\/macmcclure.com\/compositores\/gaspar-cassado\/\u00bb module_class=\u00bbimgHover\u00bb _builder_version=\u00bb3.9&#8243;][\/et_pb_image][et_pb_text _builder_version=\u00bb3.9&#8243;]<\/p>\n<h4 style=\"text-align: center;\">Gaspar Cassad\u00f3<\/h4>\n<p>[\/et_pb_text][\/et_pb_column][et_pb_column type=\u00bb1_4&#8243; _builder_version=\u00bb3.0.47&#8243; parallax=\u00bboff\u00bb parallax_method=\u00bbon\u00bb][et_pb_image src=\u00bbhttp:\/\/macmcclure.com\/wp-content\/uploads\/1-Oscar-Espla.png\u00bb url=\u00bbhttp:\/\/macmcclure.com\/compositores\/oscar-espla\/\u00bb module_class=\u00bbimgHover\u00bb _builder_version=\u00bb3.9&#8243;][\/et_pb_image][et_pb_text _builder_version=\u00bb3.9&#8243;]<\/p>\n<h4 style=\"text-align: center;\">\u00d3scar Espl\u00e0<\/h4>\n<p>[\/et_pb_text][\/et_pb_column][\/et_pb_row][et_pb_row custom_padding=\u00bb27px|0px|27px|0px\u00bb module_class=\u00bb animated fadeInUp duration2 eds-on-scroll \u00bb _builder_version=\u00bb3.9&#8243; background_size=\u00bbinitial\u00bb background_position=\u00bbtop_left\u00bb background_repeat=\u00bbrepeat\u00bb][et_pb_column type=\u00bb1_4&#8243; _builder_version=\u00bb3.0.47&#8243; parallax=\u00bboff\u00bb parallax_method=\u00bbon\u00bb][et_pb_image src=\u00bbhttp:\/\/macmcclure.com\/wp-content\/uploads\/1-Manuel-de-Falla.png\u00bb url=\u00bbhttp:\/\/www.manueldefalla.com\/\u00bb url_new_window=\u00bbon\u00bb module_class=\u00bbimgHover\u00bb _builder_version=\u00bb3.9&#8243;][\/et_pb_image][et_pb_text _builder_version=\u00bb3.9&#8243;]<\/p>\n<h4 style=\"text-align: center;\">Manuel de Falla<\/h4>\n<p>[\/et_pb_text][\/et_pb_column][et_pb_column type=\u00bb1_4&#8243; _builder_version=\u00bb3.0.47&#8243; parallax=\u00bboff\u00bb parallax_method=\u00bbon\u00bb][et_pb_image src=\u00bbhttp:\/\/macmcclure.com\/wp-content\/uploads\/1-Enrique-Granados-Campina.png\u00bb url=\u00bbhttp:\/\/macmcclure.com\/compositores\/enrique-granados\/\u00bb module_class=\u00bbimgHover\u00bb _builder_version=\u00bb3.9&#8243;][\/et_pb_image][et_pb_text _builder_version=\u00bb3.9&#8243;]<\/p>\n<h4 style=\"text-align: center;\">Enrique Granados<\/h4>\n<p>[\/et_pb_text][\/et_pb_column][et_pb_column type=\u00bb1_4&#8243; _builder_version=\u00bb3.0.47&#8243; parallax=\u00bboff\u00bb parallax_method=\u00bbon\u00bb][et_pb_image src=\u00bbhttp:\/\/macmcclure.com\/wp-content\/uploads\/1-Ricardo-Llorca.png\u00bb url=\u00bbhttp:\/\/macmcclure.com\/compositores\/ricardo-llorca\/\u00bb module_class=\u00bbimgHover\u00bb _builder_version=\u00bb3.9&#8243;][\/et_pb_image][et_pb_text _builder_version=\u00bb3.9&#8243;]<\/p>\n<h4 style=\"text-align: center;\">Ricardo Llorca<\/h4>\n<p>[\/et_pb_text][\/et_pb_column][et_pb_column type=\u00bb1_4&#8243; _builder_version=\u00bb3.0.47&#8243; parallax=\u00bboff\u00bb parallax_method=\u00bbon\u00bb][et_pb_image src=\u00bbhttp:\/\/macmcclure.com\/wp-content\/uploads\/1-Frederic-Mompou.png\u00bb url=\u00bbhttp:\/\/macmcclure.com\/compositores\/frederic-mompou\/\u00bb module_class=\u00bbimgHover\u00bb _builder_version=\u00bb3.9&#8243;][\/et_pb_image][et_pb_text _builder_version=\u00bb3.9&#8243;]<\/p>\n<h4 style=\"text-align: center;\">Frederic Mompou<\/h4>\n<p>[\/et_pb_text][\/et_pb_column][\/et_pb_row][et_pb_row custom_padding=\u00bb27px|0px|27px|0px\u00bb module_class=\u00bb animated fadeInUp duration2 eds-on-scroll \u00bb _builder_version=\u00bb3.9&#8243; background_size=\u00bbinitial\u00bb background_position=\u00bbtop_left\u00bb background_repeat=\u00bbrepeat\u00bb][et_pb_column type=\u00bb1_4&#8243; _builder_version=\u00bb3.0.47&#8243; parallax=\u00bboff\u00bb parallax_method=\u00bbon\u00bb][et_pb_image src=\u00bbhttp:\/\/macmcclure.com\/wp-content\/uploads\/1-Xavier-Montsalvatge.png\u00bb url=\u00bbhttp:\/\/macmcclure.com\/compositores\/xavier-montsalvatge\/\u00bb module_class=\u00bbimgHover\u00bb _builder_version=\u00bb3.9&#8243;][\/et_pb_image][et_pb_text _builder_version=\u00bb3.9&#8243;]<\/p>\n<h4 style=\"text-align: center;\">Xavier Montsalvatge<\/h4>\n<p>[\/et_pb_text][\/et_pb_column][et_pb_column type=\u00bb1_4&#8243; _builder_version=\u00bb3.0.47&#8243; parallax=\u00bboff\u00bb parallax_method=\u00bbon\u00bb][et_pb_image src=\u00bbhttp:\/\/macmcclure.com\/wp-content\/uploads\/1-Joaquin-Rodrigo-Vidre.png\u00bb url=\u00bbhttp:\/\/macmcclure.com\/compositores\/joaquin-rodrigo\/\u00bb module_class=\u00bbimgHover\u00bb _builder_version=\u00bb3.9&#8243;][\/et_pb_image][et_pb_text _builder_version=\u00bb3.9&#8243;]<\/p>\n<h4 style=\"text-align: center;\">Joaqu\u00edn Rodrigo<\/h4>\n<p>[\/et_pb_text][\/et_pb_column][et_pb_column type=\u00bb1_4&#8243; _builder_version=\u00bb3.0.47&#8243; parallax=\u00bboff\u00bb parallax_method=\u00bbon\u00bb][et_pb_image src=\u00bbhttp:\/\/macmcclure.com\/wp-content\/uploads\/1-Carlos-Surinach.png\u00bb url=\u00bbhttp:\/\/macmcclure.com\/compositores\/carlos-surinach\/\u00bb module_class=\u00bbimgHover\u00bb _builder_version=\u00bb3.9&#8243;][\/et_pb_image][et_pb_text _builder_version=\u00bb3.9&#8243;]<\/p>\n<h4 style=\"text-align: center;\">Carlos Surinach<\/h4>\n<p>[\/et_pb_text][\/et_pb_column][et_pb_column type=\u00bb1_4&#8243; _builder_version=\u00bb3.0.47&#8243; parallax=\u00bboff\u00bb parallax_method=\u00bbon\u00bb][et_pb_image src=\u00bbhttp:\/\/macmcclure.com\/wp-content\/uploads\/1-Joaqu\u00edn-Turina-P\u00e9rez.png\u00bb url=\u00bbhttp:\/\/macmcclure.com\/compositores\/joaquin-turina-perez\/\u00bb module_class=\u00bbimgHover\u00bb _builder_version=\u00bb3.9&#8243;][\/et_pb_image][et_pb_text _builder_version=\u00bb3.9&#8243;]<\/p>\n<h4 style=\"text-align: center;\">Joaqu\u00edn Turina<\/h4>\n<p>[\/et_pb_text][\/et_pb_column][\/et_pb_row][et_pb_row custom_padding=\u00bb27px|0px|27px|0px\u00bb module_class=\u00bb animated fadeInUp duration2 eds-on-scroll \u00bb _builder_version=\u00bb3.9&#8243; background_size=\u00bbinitial\u00bb background_position=\u00bbtop_left\u00bb background_repeat=\u00bbrepeat\u00bb][et_pb_column type=\u00bb1_4&#8243; _builder_version=\u00bb3.0.47&#8243; parallax=\u00bboff\u00bb parallax_method=\u00bbon\u00bb][et_pb_image src=\u00bbhttp:\/\/macmcclure.com\/wp-content\/uploads\/Comellas.png\u00bb module_class=\u00bbimgHover\u00bb _builder_version=\u00bb3.9&#8243;][\/et_pb_image][\/et_pb_column][et_pb_column type=\u00bb1_4&#8243; _builder_version=\u00bb3.0.47&#8243; parallax=\u00bboff\u00bb parallax_method=\u00bbon\u00bb][et_pb_image src=\u00bbhttp:\/\/macmcclure.com\/wp-content\/uploads\/Garriga.png\u00bb module_class=\u00bbimgHover\u00bb _builder_version=\u00bb3.9&#8243;][\/et_pb_image][\/et_pb_column][et_pb_column type=\u00bb1_4&#8243; _builder_version=\u00bb3.0.47&#8243; parallax=\u00bboff\u00bb parallax_method=\u00bbon\u00bb][et_pb_image src=\u00bbhttp:\/\/macmcclure.com\/wp-content\/uploads\/Gerhard.png\u00bb module_class=\u00bbimgHover\u00bb _builder_version=\u00bb3.9&#8243;][\/et_pb_image][\/et_pb_column][et_pb_column type=\u00bb1_4&#8243; _builder_version=\u00bb3.0.47&#8243; parallax=\u00bboff\u00bb parallax_method=\u00bbon\u00bb][et_pb_image src=\u00bbhttp:\/\/macmcclure.com\/wp-content\/uploads\/Leon.png\u00bb module_class=\u00bbimgHover\u00bb _builder_version=\u00bb3.9&#8243;][\/et_pb_image][\/et_pb_column][\/et_pb_row][et_pb_row custom_padding=\u00bb27px|0px|27px|0px\u00bb module_class=\u00bb animated fadeInUp duration2 eds-on-scroll \u00bb _builder_version=\u00bb3.9&#8243; background_size=\u00bbinitial\u00bb background_position=\u00bbtop_left\u00bb background_repeat=\u00bbrepeat\u00bb][et_pb_column type=\u00bb1_3&#8243; _builder_version=\u00bb3.0.47&#8243; parallax=\u00bboff\u00bb parallax_method=\u00bbon\u00bb][et_pb_image src=\u00bbhttp:\/\/macmcclure.com\/wp-content\/uploads\/Nin-Cumpell.png\u00bb module_class=\u00bbimgHover\u00bb _builder_version=\u00bb3.9&#8243; custom_padding=\u00bb|13%||13%||true\u00bb][\/et_pb_image][\/et_pb_column][et_pb_column type=\u00bb1_3&#8243; _builder_version=\u00bb3.0.47&#8243; parallax=\u00bboff\u00bb parallax_method=\u00bbon\u00bb][et_pb_image src=\u00bbhttp:\/\/macmcclure.com\/wp-content\/uploads\/Salvador.png\u00bb module_class=\u00bbimgHover\u00bb _builder_version=\u00bb3.9&#8243; custom_padding=\u00bb|13%||13%||true\u00bb][\/et_pb_image][\/et_pb_column][et_pb_column type=\u00bb1_3&#8243; _builder_version=\u00bb3.0.47&#8243; parallax=\u00bboff\u00bb parallax_method=\u00bbon\u00bb][et_pb_image src=\u00bbhttp:\/\/macmcclure.com\/wp-content\/uploads\/Toldra.png\u00bb module_class=\u00bbimgHover\u00bb _builder_version=\u00bb3.9&#8243; custom_padding=\u00bb|13%||13%||true\u00bb][\/et_pb_image][\/et_pb_column][\/et_pb_row][\/et_pb_section]<\/p>\n","protected":false},"excerpt":{"rendered":"<p>Isaac Alb\u00e9niz Mois\u00e8s Bertran Ventejo Gaspar Cassad\u00f3 \u00d3scar Espl\u00e0 Manuel de Falla Enrique Granados Ricardo Llorca Frederic Mompou Xavier Montsalvatge Joaqu\u00edn Rodrigo Carlos Surinach Joaqu\u00edn Turina<\/p>","protected":false},"author":1,"featured_media":0,"parent":0,"menu_order":24,"comment_status":"closed","ping_status":"closed","template":"","meta":{"_et_pb_use_builder":"on","_et_pb_old_content":"","_et_gb_content_width":"","pgc_sgb_lightbox_settings":""},"aioseo_notices":[],"_links":{"self":[{"href":"https:\/\/www.macmcclure.com\/en\/wp-json\/wp\/v2\/pages\/41"}],"collection":[{"href":"https:\/\/www.macmcclure.com\/en\/wp-json\/wp\/v2\/pages"}],"about":[{"href":"https:\/\/www.macmcclure.com\/en\/wp-json\/wp\/v2\/types\/page"}],"author":[{"embeddable":true,"href":"https:\/\/www.macmcclure.com\/en\/wp-json\/wp\/v2\/users\/1"}],"replies":[{"embeddable":true,"href":"https:\/\/www.macmcclure.com\/en\/wp-json\/wp\/v2\/comments?post=41"}],"version-history":[{"count":6,"href":"https:\/\/www.macmcclure.com\/en\/wp-json\/wp\/v2\/pages\/41\/revisions"}],"predecessor-version":[{"id":4428,"href":"https:\/\/www.macmcclure.com\/en\/wp-json\/wp\/v2\/pages\/41\/revisions\/4428"}],"wp:attachment":[{"href":"https:\/\/www.macmcclure.com\/en\/wp-json\/wp\/v2\/media?parent=41"}],"curies":[{"name":"wp","href":"https:\/\/api.w.org\/{rel}","templated":true}]}}