{"id":26,"date":"2018-07-02T16:43:02","date_gmt":"2018-07-02T21:43:02","guid":{"rendered":"http:\/\/macmcclure.com\/links\/"},"modified":"2022-07-31T21:43:28","modified_gmt":"2022-08-01T02:43:28","slug":"links","status":"publish","type":"page","link":"https:\/\/www.macmcclure.com\/en\/links\/","title":{"rendered":"Links"},"content":{"rendered":"<p>[et_pb_section bb_built=\u00bb1&#8243; fullwidth=\u00bbon\u00bb specialty=\u00bboff\u00bb next_background_color=\u00bb#000000&#8243;][et_pb_fullwidth_post_title _builder_version=\u00bb3.9&#8243; meta=\u00bboff\u00bb featured_image=\u00bboff\u00bb background_image=\u00bbhttps:\/\/www.macmcclure.com\/wp-content\/uploads\/eventos.jpg\u00bb text_color=\u00bblight\u00bb text_orientation=\u00bbcenter\u00bb text_shadow_style=\u00bbpreset1&#8243; title_font_size=\u00bb40px\u00bb custom_padding=\u00bb||100px|\u00bb box_shadow_style=\u00bbpreset6&#8243; box_shadow_blur=\u00bb20px\u00bb \/][\/et_pb_section][et_pb_section bb_built=\u00bb1&#8243; prev_background_color=\u00bb#000000&#8243;][et_pb_row][et_pb_column type=\u00bb1_3&#8243;][et_pb_image _builder_version=\u00bb3.9&#8243; src=\u00bbhttp:\/\/macmcclure.com\/wp-content\/uploads\/links.jpg\u00bb \/][\/et_pb_column][et_pb_column type=\u00bb1_3&#8243;][et_pb_text _builder_version=\u00bb3.9&#8243;]<\/p>\n<h2>Editores<\/h2>\n<p><a href=\"http:\/\/www.boileau-music.com\/\" target=\"_blank\" rel=\"noopener\">Boileau<\/a><br \/>\n<a href=\"http:\/\/www.boosey.com\/\" target=\"_blank\" rel=\"noopener\">Bote &amp; Bock<\/a><br \/>\n<a href=\"http:\/\/ww2.grn.es\/clivis\" target=\"_blank\" rel=\"noopener\">Clivis<\/a><br \/>\n<a href=\"http:\/\/www.peermusic.com\/classical\" target=\"_blank\" rel=\"noopener\">Peer Southern<\/a><br \/>\n<a href=\"http:\/\/www.realmusical.es\/\" target=\"_blank\" rel=\"noopener\">Real Musical (RM)<\/a><br \/>\n<a href=\"http:\/\/www.salabert.fr\/\" target=\"_blank\" rel=\"noopener\">Salabert<\/a><br \/>\n<a href=\"http:\/\/www.trito.es\/\" target=\"_blank\" rel=\"noopener\">Trit\u00f3<\/a><br \/>\n<a href=\"http:\/\/www.musicroom.com\/\" target=\"_blank\" rel=\"noopener\">Uni\u00f3n Musical Ediciones S.L. (UME)<\/a><br \/>\n<a href=\"http:\/\/www.uemusic.com\/\" target=\"_blank\" rel=\"noopener\">Universal<\/a><\/p>\n<p>[\/et_pb_text][\/et_pb_column][et_pb_column type=\u00bb1_3&#8243;][et_pb_text _builder_version=\u00bb3.9&#8243;]<\/p>\n<h2>Compositores<\/h2>\n<p><a href=\"http:\/\/members.aol.com\/Mdaguila\/\" target=\"_blank\" rel=\"noopener\">Del \u00c1guila<\/a><br \/>\n<a href=\"http:\/\/www.andrew.cmu.edu\/user\/balada\/index.htm\" target=\"_blank\" rel=\"noopener\">Balada<\/a><br \/>\n<a href=\"http:\/\/www.music.umich.edu\/faculty\/daugherty.michael.html\" target=\"_blank\" rel=\"noopener\">Daughtery<\/a><br \/>\n<a href=\"http:\/\/www.lowellliebermann.com\/\" target=\"_blank\" rel=\"noopener\">Lieberman<\/a><br \/>\n<a href=\"http:\/\/www.composers.net\/rob\/rodrigo\" target=\"_blank\" rel=\"noopener\">Rodrigo<\/a><br \/>\n<a href=\"http:\/\/www.terra.es\/personal\/jumet68\/deodat.htm\" target=\"_blank\" rel=\"noopener\">De Severac<\/a><br \/>\n<a href=\"http:\/\/www.devinci.fr\/chostakovitch\/\" target=\"_blank\" rel=\"noopener\">Shostakovich<\/a><br \/>\n<a href=\"http:\/\/home.sprynet.com\/~izumirm\/solerpag.htm\" target=\"_blank\" rel=\"noopener\">Soler<\/a><\/p>\n<p>[\/et_pb_text][\/et_pb_column][\/et_pb_row][\/et_pb_section]<\/p>\n","protected":false},"excerpt":{"rendered":"<div class=\"et_pb_row et_pb_row_0 et_pb_row_empty\"><\/div>\n<p> Editores Boileau Bote &amp; Bock Clivis Peer Southern Real Musical (RM) Salabert Trit\u00f3 Uni\u00f3n Musical Ediciones S.L. (UME) Universal Compositores Del \u00c1guila Balada Daughtery Lieberman Rodrigo De Severac Shostakovich Soler<\/p>","protected":false},"author":1,"featured_media":0,"parent":0,"menu_order":12,"comment_status":"closed","ping_status":"closed","template":"","meta":{"_et_pb_use_builder":"on","_et_pb_old_content":"","_et_gb_content_width":"","pgc_sgb_lightbox_settings":""},"aioseo_notices":[],"_links":{"self":[{"href":"https:\/\/www.macmcclure.com\/en\/wp-json\/wp\/v2\/pages\/26"}],"collection":[{"href":"https:\/\/www.macmcclure.com\/en\/wp-json\/wp\/v2\/pages"}],"about":[{"href":"https:\/\/www.macmcclure.com\/en\/wp-json\/wp\/v2\/types\/page"}],"author":[{"embeddable":true,"href":"https:\/\/www.macmcclure.com\/en\/wp-json\/wp\/v2\/users\/1"}],"replies":[{"embeddable":true,"href":"https:\/\/www.macmcclure.com\/en\/wp-json\/wp\/v2\/comments?post=26"}],"version-history":[{"count":2,"href":"https:\/\/www.macmcclure.com\/en\/wp-json\/wp\/v2\/pages\/26\/revisions"}],"predecessor-version":[{"id":4441,"href":"https:\/\/www.macmcclure.com\/en\/wp-json\/wp\/v2\/pages\/26\/revisions\/4441"}],"wp:attachment":[{"href":"https:\/\/www.macmcclure.com\/en\/wp-json\/wp\/v2\/media?parent=26"}],"curies":[{"name":"wp","href":"https:\/\/api.w.org\/{rel}","templated":true}]}}