{"id":18,"date":"2022-01-18T11:16:21","date_gmt":"2022-01-18T16:16:21","guid":{"rendered":"https:\/\/www.macmcclure.com\/?page_id=4124"},"modified":"2024-04-17T10:37:49","modified_gmt":"2024-04-17T15:37:49","slug":"newsletter","status":"publish","type":"page","link":"https:\/\/www.macmcclure.com\/en\/newsletter\/","title":{"rendered":"Newsletter"},"content":{"rendered":"<p>[et_pb_section fb_built=\u00bb1&#8243; _builder_version=\u00bb4.16&#8243; custom_margin=\u00bb0px||0px||false|false\u00bb custom_padding=\u00bb0px||0px||false|false\u00bb global_colors_info=\u00bb{}\u00bb][et_pb_row _builder_version=\u00bb4.16&#8243; width=\u00bb100%\u00bb max_width=\u00bb100%\u00bb custom_margin=\u00bb0px||0px||false|false\u00bb custom_padding=\u00bb0px||0px||false|false\u00bb global_colors_info=\u00bb{}\u00bb][et_pb_column type=\u00bb4_4&#8243; _builder_version=\u00bb4.16&#8243; global_colors_info=\u00bb{}\u00bb][et_pb_slider _builder_version=\u00bb4.18.0&#8243; background_color=\u00bb#262626&#8243; custom_padding=\u00bb163px|||||\u00bb link_option_url_new_window=\u00bbon\u00bb global_colors_info=\u00bb{}\u00bb][et_pb_slide heading=\u00bbStudents Recital &#8211; I Semester 2024&#8243; button_text=\u00bbSee\u00bb button_link=\u00bbhttps:\/\/www.youtube.com\/watch?v=h5cLb-uTBoo\u00bb url_new_window=\u00bbon\u00bb _builder_version=\u00bb4.18.0&#8243; _module_preset=\u00bbdefault\u00bb custom_button=\u00bbon\u00bb button_text_size=\u00bb30px\u00bb button_text_color=\u00bb#FFFFFF\u00bb global_colors_info=\u00bb{}\u00bb sticky_transition=\u00bbon\u00bb]<\/p>\n<p>The interpretations of professor Mac McClure&#8217;s students. The pedagogical approach of maestro McClure reflected in the interpretation of his students can be seen in this video. See more here<\/p>\n<p>[\/et_pb_slide][et_pb_slide heading=\u00bbStudents recital.      A virtual recital by professor Mac&#8217;s students for the second semester 2023  \u00bb button_text=\u00bbSee\u00bb button_link=\u00bbhttps:\/\/www.youtube.com\/watch?v=dc6R6fHOhG4&#8243; url_new_window=\u00bbon\u00bb image=\u00bbhttps:\/\/www.macmcclure.com\/wp-content\/uploads\/2023\/12\/Recital-2023.png\u00bb heading_last_edited=\u00bboff|phone\u00bb image_tablet=\u00bbhttps:\/\/www.macmcclure.com\/wp-content\/uploads\/2023\/12\/Recital-2023.png\u00bb image_phone=\u00bbhttps:\/\/www.macmcclure.com\/wp-content\/uploads\/2023\/12\/Recital-2023.png\u00bb image_last_edited=\u00bbon|phone\u00bb _builder_version=\u00bb4.18.0&#8243; _module_preset=\u00bbdefault\u00bb body_text_color=\u00bb#0C71C3&#8243; background_color=\u00bb#B0F96C\u00bb background_enable_color=\u00bbon\u00bb background_layout=\u00bblight\u00bb border_color_all_image=\u00bb#7CDA24&#8243; global_colors_info=\u00bb{}\u00bb sticky_transition=\u00bbon\u00bb]<\/p>\n<p><span style=\"color: #003300;\">Once more we have the opportunity to present the outcomes carefully achieved by the students of Maestro Mac through dedicated and special pieces interpreted by these students. <\/span><\/p>\n<p><span style=\"color: #003300;\">May 2023 end as a prosperous year for everyone. <\/span><\/p>\n<p><span style=\"color: #003300;\">Click to see our recital here<\/span><\/p>\n<p>&nbsp;<\/p>\n<p>[\/et_pb_slide][et_pb_slide heading=\u00bbParticipaci\u00f3n Festival Internacional de  M\u00fasica Sacra \u00bb button_text=\u00bbTickets\u00bb button_link=\u00bbhttps:\/\/teatros.checkout.tuboleta.com\/selection\/event\/date?productId=10229340722624&#038;_gl=1*zn5rh8*_ga*MjAwMTIwNTM1Ny4xNjg5OTQ4Njgy*_ga_0TVTJ30NVQ*MTY4OTk3Mzk2MC4yLjEuMTY4OTk3NDUxMi4yMy4wLjA.&#038;lang=es\u00bb url_new_window=\u00bbon\u00bb image=\u00bbhttps:\/\/www.macmcclure.com\/wp-content\/uploads\/2023\/07\/Fest-Musica-Sacra-septiembre.png\u00bb _builder_version=\u00bb4.18.0&#8243; _module_preset=\u00bbdefault\u00bb background_color=\u00bb#E09900&#8243; background_enable_color=\u00bbon\u00bb global_colors_info=\u00bb{}\u00bb sticky_transition=\u00bbon\u00bb]<\/p>\n<p><em>Cantar del Alma <\/em>es como se titula esta l\u00ednea de tiempo del repertorio de piano con la que el maestro Mac McClure har\u00e1 su participaci\u00f3n en el Festival Internacional de M\u00fasica Sacra de Bogot\u00e1 &#8211; 2023. Vea la programaci\u00f3n aqu\u00ed:<\/p>\n<p><a href=\"https:\/\/festivalmusicasacra.com\/wp-content\/uploads\/prog-digital-2023.pdf\" target=\"_blank\" rel=\"noopener\">https:\/\/festivalmusicasacra.com\/wp-content\/uploads\/prog-digital-2023.pdf<\/a><\/p>\n<p>[\/et_pb_slide][et_pb_slide heading=\u00bbAlumnos graduados de la Maestr\u00eda en Estudios de Piano \u00bb button_text=\u00bbClics\u00bb image=\u00bbhttps:\/\/www.macmcclure.com\/wp-content\/uploads\/2023\/07\/Alumnos-Maestria-2023-3.png\u00bb _builder_version=\u00bb4.18.0&#8243; _module_preset=\u00bbdefault\u00bb header_level=\u00bbh1&#8243; body_font_size=\u00bb19px\u00bb body_line_height=\u00bb1.1em\u00bb custom_button=\u00bbon\u00bb button_use_icon=\u00bbon\u00bb global_colors_info=\u00bb{}\u00bb sticky_transition=\u00bbon\u00bb]<\/p>\n<p>En un honor compartir la lista de alumnos graduados en la Maestr\u00eda de Estudios de Piano que dirige el maestro Mac McClure durante sus 14 a\u00f1os de labor pedag\u00f3gica en la Universidad Nacional. Enhorabuena a todos los estudiantes y a la gran labor del maestro McClure.\u00a0<\/p>\n<p>[\/et_pb_slide][et_pb_slide heading=\u00bbAlumno graduados de los Estudios de Piano, del maestro Mac McClure \u00bb button_text=\u00bbClics\u00bb image=\u00bbhttps:\/\/www.macmcclure.com\/wp-content\/uploads\/2023\/07\/Alumnos-Pregrado-2023-I-1.png\u00bb _builder_version=\u00bb4.18.0&#8243; _module_preset=\u00bbdefault\u00bb global_colors_info=\u00bb{}\u00bb sticky_transition=\u00bbon\u00bb]<\/p>\n<p>Es un honor compartir la lista de alumnos graduados del Maestro Mac McClure, durante sus 14 a\u00f1os de ejercicio como docente de los Estudios de Piano de la Universidad Nacional de Colombia. Enhorabuena a todos los estudiantes que honran la labor pedag\u00f3gica del maestro McClure.<\/p>\n<p>[\/et_pb_slide][et_pb_slide heading=\u00bbEl futuro de los m\u00fasicos e int\u00e9rpretes: un asunto abordado por el maestro  McClure en entrevista con Svetlana Stone\u00bb button_text=\u00bbO\u00edr\u00bb button_link=\u00bbhttps:\/\/www.youtube.com\/watch?v=2pvTr7zdncs\u00bb url_new_window=\u00bbon\u00bb _builder_version=\u00bb4.18.0&#8243; _module_preset=\u00bbdefault\u00bb link_option_url_new_window=\u00bbon\u00bb global_colors_info=\u00bb{}\u00bb sticky_transition=\u00bbon\u00bb]<\/p>\n<p>Hoy en d\u00eda el camino de los m\u00fasicos e int\u00e9rpretes est\u00e1 fuertemente ligado a habilidades m\u00e1s bien sociales, emocionales y de interacci\u00f3n que las meras habilidades musicales. Este esn uno de los asuntos abordados por el maestro Mac McClure en entrevista con Svetlana Stone. Escuche y vea esta fascinante entrevista acerca de la carrera del m\u00fasico hoy y en el pasado a trav\u00e9s de su propia experiencia como interprete y profesor.<\/p>\n<p>[\/et_pb_slide][et_pb_slide heading=\u00bb%22Bach, Haydn, Mozart%22 CD-review por Revista Catalana Musical\u00bb button_text=\u00bbLeer rese\u00f1a en espa\u00f1ol\u00bb button_link=\u00bbhttps:\/\/www.macmcclure.com\/?page_id=5224&#038;et_fb=1&#038;PageSpeed=off\u00bb url_new_window=\u00bbon\u00bb _builder_version=\u00bb4.18.0&#8243; _module_preset=\u00bbdefault\u00bb global_colors_info=\u00bb{}\u00bb sticky_transition=\u00bbon\u00bb]<\/p>\n<p>\u00abBach, Haydn, Mozart\u00bb es el t\u00edtulo del CD publicado por Mac McClure en 2021 donde evoca majestuosamente la interpretaci\u00f3n de unos de sus compositores preferidos. Revista Musical Catalana, entrega una valiosa rese\u00f1a sobre este valioso trabajo.<\/p>\n<p>Lea la rese\u00f1a en espa\u00f1ol aqu\u00ed y tambi\u00e9n siga el link de Revista Musical Catalana<\/p>\n<p>http:\/\/www.revistamusical.cat\/critica\/mac-mcclure-interpreta-bach-haydn-i-mozart\/<\/p>\n<p>[\/et_pb_slide][et_pb_slide heading=\u00bbEntrevista para rtve, junto a Carlota Garriga\u00bb button_text=\u00bbo\u00edr\u00bb button_link=\u00bbhttps:\/\/www.rtve.es\/play\/audios\/cafe-zimmermann\/carlota-garriga-mac-mcclure-24-02-23\/6819637\/\u00bb url_new_window=\u00bbon\u00bb _builder_version=\u00bb4.18.0&#8243; _module_preset=\u00bbdefault\u00bb header_font_size=\u00bb47px\u00bb header_letter_spacing=\u00bb2px\u00bb global_colors_info=\u00bb{}\u00bb sticky_transition=\u00bbon\u00bb]<\/p>\n<p>En una maravillosa entrevista, la Radio Televisi\u00f3n Espa\u00f1ola, re\u00fane al maestro Mac McClure con su maestra del pasado, la reconocida pianista y compositora Carlota Garriga, para mostrarnos un fascinante encuentro musical. Escuche los detalles de esta entrevista en <em>rtve<\/em> aqu\u00ed.<\/p>\n<p>[\/et_pb_slide][et_pb_slide heading=\u00bb Clase Abierta FILBO 2022&#8243; button_text=\u00bbVer\u00bb button_link=\u00bbhttps:\/\/medinapianos.com\/contacto\/\u00bb url_new_window=\u00bbon\u00bb _builder_version=\u00bb4.16&#8243; link_option_url_new_window=\u00bbon\u00bb global_colors_info=\u00bb{}\u00bb sticky_transition=\u00bbon\u00bb]<\/p>\n<p>En el marco de la FilBO 2022, La Casa MEDINA PIANOS en la ciudad de Bogot\u00e1, presenta este 29 de abril de 1:00 a 3:00 p.m.,\u00a0 la clase colectiva abierta dirigida por el maestro Mac McClure, con la participaci\u00f3n de estudiantes y para el p\u00fablico interesado. M\u00e1s informaci\u00f3n en ver<\/p>\n<p>[\/et_pb_slide][et_pb_slide heading=\u00bbEntrevista\u00bb button_text=\u00bbIr\u00bb button_link=\u00bbhttps:\/\/www.utadeo.edu.co\/es\/micrositio\/emisora-hjut\u00bb url_new_window=\u00bbon\u00bb _builder_version=\u00bb4.16&#8243; link_option_url_new_window=\u00bbon\u00bb global_colors_info=\u00bb{}\u00bb sticky_transition=\u00bbon\u00bb]<\/p>\n<p>La emisora HJUT, ya un referente en el repertorio de m\u00fasica culta en Bogot\u00e1, tendr\u00e1 como invitado al maestro e int\u00e9rprete Mac McClure, este s\u00e1bado 12 de febrero a las 3:00 p.m., con repetici\u00f3n el domingo 13, a las 10:00 a.m. No se pierdan este apreciado encuentro.\u00a0<\/p>\n<p>[\/et_pb_slide][et_pb_slide heading=\u00bbAlumno ganador\u00bb button_text=\u00bbVer\u00bb button_link=\u00bbhttp:\/\/agenciadenoticias.unal.edu.co\/detalle\/estudiante-de-maestria-de-la-unal-gana-2-concursos-de-piano\u00bb url_new_window=\u00bbon\u00bb _builder_version=\u00bb4.16&#8243; link_option_url_new_window=\u00bbon\u00bb global_colors_info=\u00bb{}\u00bb sticky_transition=\u00bbon\u00bb]<\/p>\n<p>La ense\u00f1anza del Maestro Mac McClure siempre est\u00e1 rodeada de grandes satisfacciones. En esta ocas\u00f3n, es un placer compartir con ustedes la noticia sobre los dos premios que\u00a0<span>Juli\u00e1n Camilo Avenda\u00f1o, estudiante de segundo a\u00f1o de la Maestr\u00eda en Pedagog\u00eda e Interpretaci\u00f3n de la Universidad Nacional de Colombia (UNAL), gan\u00f3 en concursos celebrados en Colombia y EE.UU. Noticia a trav\u00e9s de la Agencia de Noticias UN. Les invitamos a leer esta noticia.<\/span><\/p>\n<p>[\/et_pb_slide][et_pb_slide heading=\u00bbUn d\u00fao singular, en el escenario \u00bb button_text=\u00bbVer\u00bb button_link=\u00bbhttps:\/\/www.banrepcultural.org\/noticias\/un-duo-singular\u00bb url_new_window=\u00bbon\u00bb _builder_version=\u00bb4.16&#8243; link_option_url_new_window=\u00bbon\u00bb global_colors_info=\u00bb{}\u00bb sticky_transition=\u00bbon\u00bb]<\/p>\n<p>Para concluir de la mejor manera el a\u00f1o, los int\u00e9rpretes Juan\u00a0<span>Caros Higuita y Mac McClure presentaron su concierto de repertorio variado y vivo, al igual que su puesta en escena, lo que mereci\u00f3 una interesante rese\u00f1a por el Banco de la Rep\u00fablica, en el marco del cierre de la Temporada Nacional de Conciertos 2021. Les invitamos a leer el art\u00edculo.\u00a0<\/span><\/p>\n<p>[\/et_pb_slide][et_pb_slide heading=\u00bbCarlota Garriga, new album \u00bb button_text=\u00bbver\u00bb button_link=\u00bbhttps:\/\/www.macmcclure.com\/discografia\/\u00bb url_new_window=\u00bbon\u00bb _builder_version=\u00bb4.16&#8243; link_option_url_new_window=\u00bbon\u00bb global_colors_info=\u00bb{}\u00bb sticky_transition=\u00bbon\u00bb]<\/p>\n<p><span>La m\u00fasica intima e instintiva de Carlota Garrica, en su indiscutible estilo espont\u00e1neo, llega en la interpretaci\u00f3n majestuosa de Mac McClure y la justa compa\u00f1\u00eda de Marisa Martins, para traernos las m\u00e1s bellas composiciones de esta pianista y compositora espa\u00f1ola, quien fuera pupila de Frank Marshall en su momento.\u00a0<\/span><\/p>\n<p>[\/et_pb_slide][\/et_pb_slider][\/et_pb_column][\/et_pb_row][\/et_pb_section]<\/p>\n","protected":false},"excerpt":{"rendered":"<p>The interpretations of professor Mac McClure&#8217;s students. The pedagogical approach of maestro McClure reflected in the interpretation of his students can be seen in this video. See more hereOnce more we have the opportunity to present the outcomes carefully achieved by the students of Maestro Mac through dedicated and special pieces interpreted by these students. [&hellip;]<\/p>\n","protected":false},"author":1,"featured_media":0,"parent":0,"menu_order":0,"comment_status":"closed","ping_status":"closed","template":"","meta":{"_et_pb_use_builder":"on","_et_pb_old_content":"","_et_gb_content_width":"","pgc_sgb_lightbox_settings":""},"aioseo_notices":[],"_links":{"self":[{"href":"https:\/\/www.macmcclure.com\/en\/wp-json\/wp\/v2\/pages\/18"}],"collection":[{"href":"https:\/\/www.macmcclure.com\/en\/wp-json\/wp\/v2\/pages"}],"about":[{"href":"https:\/\/www.macmcclure.com\/en\/wp-json\/wp\/v2\/types\/page"}],"author":[{"embeddable":true,"href":"https:\/\/www.macmcclure.com\/en\/wp-json\/wp\/v2\/users\/1"}],"replies":[{"embeddable":true,"href":"https:\/\/www.macmcclure.com\/en\/wp-json\/wp\/v2\/comments?post=18"}],"version-history":[{"count":66,"href":"https:\/\/www.macmcclure.com\/en\/wp-json\/wp\/v2\/pages\/18\/revisions"}],"predecessor-version":[{"id":5810,"href":"https:\/\/www.macmcclure.com\/en\/wp-json\/wp\/v2\/pages\/18\/revisions\/5810"}],"wp:attachment":[{"href":"https:\/\/www.macmcclure.com\/en\/wp-json\/wp\/v2\/media?parent=18"}],"curies":[{"name":"wp","href":"https:\/\/api.w.org\/{rel}","templated":true}]}}