{"id":16,"date":"2019-03-01T21:36:39","date_gmt":"2019-03-02T02:36:39","guid":{"rendered":"https:\/\/www.macmcclure.com\/?page_id=2078"},"modified":"2019-03-01T21:36:39","modified_gmt":"2019-03-02T02:36:39","slug":"maestro-mac","status":"publish","type":"page","link":"https:\/\/www.macmcclure.com\/en\/maestro-mac\/","title":{"rendered":"Professor Mac"},"content":{"rendered":"<p>[et_pb_section fb_built=\u00bb1&#8243; _builder_version=\u00bb3.22.3&#8243; background_color=\u00bb#000000&#8243; background_image=\u00bbhttps:\/\/www.macmcclure.com\/wp-content\/uploads\/Xavier-Montsalvatge-Parfum-dherba-mullada.jpg\u00bb background_size=\u00bbinitial\u00bb custom_padding=\u00bb101px|0px|58px|0px|false|false\u00bb][et_pb_row _builder_version=\u00bb3.22.3&#8243;][et_pb_column type=\u00bb4_4&#8243; _builder_version=\u00bb3.19.18&#8243;][\/et_pb_column][\/et_pb_row][et_pb_row custom_padding=\u00bb26px|0px|2px|0px|false|false\u00bb _builder_version=\u00bb3.22.3&#8243;][et_pb_column type=\u00bb4_4&#8243; _builder_version=\u00bb3.19.18&#8243;][et_pb_post_title meta=\u00bboff\u00bb _builder_version=\u00bb3.19.18&#8243; title_font=\u00bb||||||||\u00bb title_text_align=\u00bbcenter\u00bb title_text_color=\u00bb#ffffff\u00bb][\/et_pb_post_title][\/et_pb_column][\/et_pb_row][\/et_pb_section][et_pb_section fb_built=\u00bb1&#8243; _builder_version=\u00bb3.22.3&#8243; background_color=\u00bbrgba(238,255,188,0.7)\u00bb background_size=\u00bbinitial\u00bb custom_padding=\u00bb35px|0px|68px|0px|false|false\u00bb][et_pb_row custom_padding=\u00bb27px|0px|0|0px|false|false\u00bb _builder_version=\u00bb3.22.3&#8243;][et_pb_column type=\u00bb4_4&#8243; _builder_version=\u00bb3.19.18&#8243;][et_pb_text _builder_version=\u00bb3.19.18&#8243; inline_fonts=\u00bbTrebuchet\u00bb]<\/p>\n<p><span style=\"font-family: Trebuchet; font-weight: normal; font-size: x-large;\">Aprendizaje con el maestro McClure<\/span><\/p>\n<p>[\/et_pb_text][\/et_pb_column][\/et_pb_row][et_pb_row custom_padding=\u00bb27px|0px|0|0px|false|false\u00bb _builder_version=\u00bb3.22.3&#8243;][et_pb_column type=\u00bb4_4&#8243; _builder_version=\u00bb3.19.18&#8243;][et_pb_accordion _builder_version=\u00bb3.19.18&#8243;][et_pb_accordion_item title=\u00bb Tocando y contando, con ritmo\u00bb open=\u00bbon\u00bb _builder_version=\u00bb3.19.18&#8243; title_text_shadow_horizontal_length=\u00bb0em\u00bb title_text_shadow_vertical_length=\u00bb0em\u00bb title_text_shadow_blur_strength=\u00bb0em\u00bb body_text_shadow_horizontal_length=\u00bb0em\u00bb body_text_shadow_vertical_length=\u00bb0em\u00bb body_text_shadow_blur_strength=\u00bb0em\u00bb]<\/p>\n<p>El Maestro Mac desarrolla este curso en la idea de llevar a los estudiantes a interiorizar el ritmo y el gesto musical. Este curso busca entregar una base m\u00e1s s\u00f3lida para los futuros m\u00fasicos y una interpretaci\u00f3n m\u00e1s fundamentada a los interpretes.\u00a0<\/p>\n<p>[\/et_pb_accordion_item][et_pb_accordion_item title=\u00bbRespirar el cuerpo y el instrumento\u00bb open=\u00bboff\u00bb _builder_version=\u00bb3.19.18&#8243; title_text_shadow_horizontal_length=\u00bb0em\u00bb title_text_shadow_vertical_length=\u00bb0em\u00bb title_text_shadow_blur_strength=\u00bb0em\u00bb body_text_shadow_horizontal_length=\u00bb0em\u00bb body_text_shadow_vertical_length=\u00bb0em\u00bb body_text_shadow_blur_strength=\u00bb0em\u00bb]<\/p>\n<p>El Maestro Mac reconoce la importancia de la respiraci\u00f3n no solamente como algo fundamental en la construcci\u00f3n de la frase musical, sino tambi\u00e9n en la manera c\u00f3mo los estudiantes se conectan con su instrumento. Un acercamiento m\u00e1s consciente a la manera como respiramos y aplicar este conocimiento al instrumento permite abrir puertas a una nueva relaci\u00f3n con nuestro instrumento y una interpretaci\u00f3n m\u00e1s relajada y natural.\u00a0<\/p>\n<p>[\/et_pb_accordion_item][\/et_pb_accordion][\/et_pb_column][\/et_pb_row][et_pb_row custom_padding=\u00bb27px|0px|0|0px|false|false\u00bb _builder_version=\u00bb3.22.3&#8243;][et_pb_column type=\u00bb4_4&#8243; _builder_version=\u00bb3.19.18&#8243;][et_pb_text _builder_version=\u00bb3.22.6&#8243; inline_fonts=\u00bbTrebuchet\u00bb]<\/p>\n<p><span style=\"font-family: Trebuchet; font-weight: normal; font-size: x-large;\">La historia de la formaci\u00f3n del maestro McClure<\/span><\/p>\n<p>[\/et_pb_text][\/et_pb_column][\/et_pb_row][et_pb_row custom_padding=\u00bb27px|0px|0|0px|false|false\u00bb _builder_version=\u00bb3.22.3&#8243;][et_pb_column type=\u00bb4_4&#8243; _builder_version=\u00bb3.19.18&#8243;][et_pb_accordion _builder_version=\u00bb3.19.18&#8243; animation_style=\u00bbfold\u00bb][et_pb_accordion_item title=\u00bbRa\u00edces de Barcelona\u00bb open=\u00bbon\u00bb _builder_version=\u00bb3.19.18&#8243; title_text_shadow_horizontal_length=\u00bb0em\u00bb title_text_shadow_vertical_length=\u00bb0em\u00bb title_text_shadow_blur_strength=\u00bb0em\u00bb body_text_shadow_horizontal_length=\u00bb0em\u00bb body_text_shadow_vertical_length=\u00bb0em\u00bb body_text_shadow_blur_strength=\u00bb0em\u00bb]<\/p>\n<p>El maestro Mac McClure se une a la Facultad de M\u00fasica de la Universidad Nacional de Colombia en el a\u00f1o 2010. La b\u00fasqueda de sus ra\u00edces pedag\u00f3gicas nos llevar\u00eda atr\u00e1s a los a\u00f1os que pas\u00f3 en Barcelona, lugar donde se form\u00f3 y tuvo la fortuna de conocer a m\u00fasicos y compositores muy celebrados de la escena de la m\u00fasica contempor\u00e1nea espa\u00f1ola. En el a\u00f1o 1984, el maestro McClure llega a Barcelona donde inicia sus estudios de piano con la maestra Carlota Garriga, quien dedicara su vida a la Academia Marshall, y la supervisi\u00f3n ocasional de Mercedes Roldos. Carlota Garriga fue en su momento estudiante de Frank Marshall y luego de su muerte continu\u00f3 estudios con Alicia de Larrocha. En la misma academia, el maestro Mac tambi\u00e9n tuvo la oportunidad de trabajar con Narcis Bonet quien ense\u00f1\u00f3 en la \u00cbcole Normale de Paris. Su maestro de c\u00e1mara en la academia Marshall fue Xavier Turull, estudiante de Yehudi Menuhin y Ruggero Ricci, y cercan\u00eda con\u00a0Francis Poulenc y Oliver Messeian. Durante su estad\u00eda en Barcelona tambi\u00e9n tuvo la fortuna de conocer y trabajar de cerca con Xavier Montsalvatge y Frederic Mompou y su esposa Carmen, quienes tuvieron una gran influencia en su desarrollo como m\u00fasico y pianista.\u00a0<\/p>\n<p>[\/et_pb_accordion_item][et_pb_accordion_item title=\u00bbMaestros y personas fascinantes\u00bb open=\u00bboff\u00bb _builder_version=\u00bb3.19.18&#8243; title_text_shadow_horizontal_length=\u00bb0em\u00bb title_text_shadow_vertical_length=\u00bb0em\u00bb title_text_shadow_blur_strength=\u00bb0em\u00bb body_text_shadow_horizontal_length=\u00bb0em\u00bb body_text_shadow_vertical_length=\u00bb0em\u00bb body_text_shadow_blur_strength=\u00bb0em\u00bb]<\/p>\n<p>Carlota Garriga era una mujer fascinante, maestra, pianista y pintora excepcional y quien tuvo una gran influencia en la vida del maestro Mac. Esta reconocida pianista hab\u00eda pasado a\u00f1os al lado del director ruso Igor Markevich.\u00a0<\/p>\n<p>El maestro Mac tuvo la fortuna de poder trabajar en un abanico de variados repertorios con Alicia de Larrocha. Bach, Haydn, Mozart, Chopin, Brahms, as\u00ed como Granados. Albeniz, Surinach, Montsalvatge, Turina y Falla conforman parte del repertorio compartido con esta reconocida int\u00e9rprete.<\/p>\n<p>Mercedes Roldos fue una ni\u00f1a prodigio quien tocara para Alfred Cortot y Emilie Sauer, ambos amigos cercanos de Frank Marshall. Tambi\u00e9n bajo su supervisi\u00f3n encontr\u00f3 el Maestro Mac uno de sus instantes de formaci\u00f3n.\u00a0 \u00a0<\/p>\n<p>Despu\u00e9s de estar bajo la direcci\u00f3n de Enrique Granados, el subdirector Frank Marshall llegar\u00eda a ser m\u00e1s adelante el director de la Academia Marshall. Fue Alicia de Larrocha precisamente su estudiante m\u00e1s destacada y la persona que heredar\u00eda la academia que llevaba su nombre. Es indiscutible la influencia de esta ilustre pianista en la vida art\u00edstica del Maestro Mac.<\/p>\n<p>Arola Natola GInastera fue la segunda esposa del gran compositor argentino Alberto Ginastera y una extraordinaria chelista. El maestro Mac la\u00a0 acompa\u00f1\u00f3 en dos conciertos y tuvo tambi\u00e9n la oportunidad de estudiar junto con ella la interpretaci\u00f3n de canciones parar voz y piano, as\u00ed como varias piezas para piano (Sonata Op. 22, Suite de Danzas Criollas)\u00a0<\/p>\n<p>Dalton Baldwin es uno de los m\u00e1s grandes vocalistas acompa\u00f1antes vivos. Su trabajo junto con\u00a0Gerard Suozay, Ellie Amelling, Jessye Norman, entre muchos otros reconocidos vocalistas, ha dejado sin duda una marca en el campo del acompa\u00f1amiento vocal. El maestro Mac trabaj\u00f3 durante cinco a\u00f1os con Baldwin de manera intermitente. Los trabajos completos de Faure y Duparc, as\u00ed como la mitad de la producci\u00f3n vocal de Debussy y Poulenc fueron una muestra de su trabajo conjunto de la mano de cantantes extraordinarias como Marisa Martins, Norah Amsellem y Rosa Mateu.\u00a0<\/p>\n<p>&nbsp;<\/p>\n<p>[\/et_pb_accordion_item][\/et_pb_accordion][\/et_pb_column][\/et_pb_row][\/et_pb_section]<\/p>\n","protected":false},"excerpt":{"rendered":"<p>Aprendizaje con el maestro McClureEl Maestro Mac desarrolla este curso en la idea de llevar a los estudiantes a interiorizar el ritmo y el gesto musical. Este curso busca entregar una base m\u00e1s s\u00f3lida para los futuros m\u00fasicos y una interpretaci\u00f3n m\u00e1s fundamentada a los interpretes.\u00a0El Maestro Mac reconoce la importancia de la respiraci\u00f3n no [&hellip;]<\/p>\n","protected":false},"author":1,"featured_media":0,"parent":0,"menu_order":0,"comment_status":"closed","ping_status":"closed","template":"","meta":{"_et_pb_use_builder":"on","_et_pb_old_content":"","_et_gb_content_width":"","pgc_sgb_lightbox_settings":""},"aioseo_notices":[],"_links":{"self":[{"href":"https:\/\/www.macmcclure.com\/en\/wp-json\/wp\/v2\/pages\/16"}],"collection":[{"href":"https:\/\/www.macmcclure.com\/en\/wp-json\/wp\/v2\/pages"}],"about":[{"href":"https:\/\/www.macmcclure.com\/en\/wp-json\/wp\/v2\/types\/page"}],"author":[{"embeddable":true,"href":"https:\/\/www.macmcclure.com\/en\/wp-json\/wp\/v2\/users\/1"}],"replies":[{"embeddable":true,"href":"https:\/\/www.macmcclure.com\/en\/wp-json\/wp\/v2\/comments?post=16"}],"version-history":[{"count":0,"href":"https:\/\/www.macmcclure.com\/en\/wp-json\/wp\/v2\/pages\/16\/revisions"}],"wp:attachment":[{"href":"https:\/\/www.macmcclure.com\/en\/wp-json\/wp\/v2\/media?parent=16"}],"curies":[{"name":"wp","href":"https:\/\/api.w.org\/{rel}","templated":true}]}}